{"id":6839,"date":"2024-09-25T10:19:59","date_gmt":"2024-09-25T10:19:59","guid":{"rendered":"https:\/\/larenspartner.ro\/product\/lifting-detox-face-cream-lifting-es-meregtelenito-krem-arcra-nyakra-es-dekoltazsra\/"},"modified":"2024-09-25T10:19:59","modified_gmt":"2024-09-25T10:19:59","slug":"lifting-detox-face-cream-lifting-es-meregtelenito-krem-arcra-nyakra-es-dekoltazsra","status":"publish","type":"product","link":"https:\/\/garofitakozmetika.hu\/en\/product\/lifting-detox-face-cream-lifting-es-meregtelenito-krem-arcra-nyakra-es-dekoltazsra\/","title":{"rendered":"Lifting Detox+ Face Cream &#8211; Lifting \u00e9s m\u00e9regtelen\u00edt\u0151 kr\u00e9m arcra, nyakra \u00e9s dekolt\u00e1zsra"},"content":{"rendered":"","protected":false},"excerpt":{"rendered":"<div class=\"details__short pbn ptxs spts mv0\"> Lifting \u00e9s m\u00e9regtelen\u00edt\u0151 hat\u00e1s\u00fa kr\u00e9m feszes\u00edt\u00e9st ig\u00e9nyl\u0151, f\u00e1radt, sz\u00fcrke sz\u00edn\u0171 b\u0151r \u00e1pol\u00e1s\u00e1ra. Az energetiz\u00e1l\u00f3 z\u00f6ld k\u00e9sz\u00edtm\u00e9ny m\u00e9regtelen\u00edt, vitaliz\u00e1l, semleges\u00edti a szabadgy\u00f6k\u00f6ket \u00e9s t\u00e1pl\u00e1lja a b\u0151rt.<\/p>","protected":false},"featured_media":6368,"comment_status":"open","ping_status":"closed","template":"","meta":[],"pwb-brand":[152],"product_brand":[],"product_cat":[148],"product_tag":[150,151,149],"class_list":{"0":"post-6839","1":"product","2":"type-product","3":"status-publish","4":"has-post-thumbnail","6":"pwb-brand-larens","7":"product_cat-kremek","8":"product_tag-arcapolas","9":"product_tag-kremek","10":"product_tag-larens-kozmeceutikumok","13":"instock","14":"shipping-taxable","15":"purchasable","16":"product-type-simple","17":"product-grid-view"},"brands":[{"id":152,"name":"Larens","slug":"larens"}],"_links":{"self":[{"href":"https:\/\/garofitakozmetika.hu\/en\/wp-json\/wp\/v2\/product\/6839","targetHints":{"allow":["GET"]}}],"collection":[{"href":"https:\/\/garofitakozmetika.hu\/en\/wp-json\/wp\/v2\/product"}],"about":[{"href":"https:\/\/garofitakozmetika.hu\/en\/wp-json\/wp\/v2\/types\/product"}],"replies":[{"embeddable":true,"href":"https:\/\/garofitakozmetika.hu\/en\/wp-json\/wp\/v2\/comments?post=6839"}],"version-history":[{"count":0,"href":"https:\/\/garofitakozmetika.hu\/en\/wp-json\/wp\/v2\/product\/6839\/revisions"}],"wp:featuredmedia":[{"embeddable":true,"href":"https:\/\/garofitakozmetika.hu\/en\/wp-json\/wp\/v2\/media\/6368"}],"wp:attachment":[{"href":"https:\/\/garofitakozmetika.hu\/en\/wp-json\/wp\/v2\/media?parent=6839"}],"wp:term":[{"taxonomy":"pwb-brand","embeddable":true,"href":"https:\/\/garofitakozmetika.hu\/en\/wp-json\/wp\/v2\/pwb-brand?post=6839"},{"taxonomy":"product_brand","embeddable":true,"href":"https:\/\/garofitakozmetika.hu\/en\/wp-json\/wp\/v2\/product_brand?post=6839"},{"taxonomy":"product_cat","embeddable":true,"href":"https:\/\/garofitakozmetika.hu\/en\/wp-json\/wp\/v2\/product_cat?post=6839"},{"taxonomy":"product_tag","embeddable":true,"href":"https:\/\/garofitakozmetika.hu\/en\/wp-json\/wp\/v2\/product_tag?post=6839"}],"curies":[{"name":"wp","href":"https:\/\/api.w.org\/{rel}","templated":true}]}}