{"id":6840,"date":"2024-09-25T10:20:01","date_gmt":"2024-09-25T10:20:01","guid":{"rendered":"https:\/\/larenspartner.ro\/product\/detox-green-clay-mask-meregtelenito-maszk-zold-agyaggal-bacchiollal-es-peptidekkel\/"},"modified":"2024-09-25T10:20:01","modified_gmt":"2024-09-25T10:20:01","slug":"detox-green-clay-mask-meregtelenito-maszk-zold-agyaggal-bacchiollal-es-peptidekkel","status":"publish","type":"product","link":"https:\/\/garofitakozmetika.hu\/en\/product\/detox-green-clay-mask-meregtelenito-maszk-zold-agyaggal-bacchiollal-es-peptidekkel\/","title":{"rendered":"Detox Green Clay Mask &#8211; M\u00e9regtelen\u00edt\u0151 maszk z\u00f6ld agyaggal, bacchiollal \u00e9s peptidekkel"},"content":{"rendered":"","protected":false},"excerpt":{"rendered":"<div class=\"details__short pbn ptxs spts mv0\"> M\u00e9regtelen\u00edt\u0151 maszk z\u00f6ld agyaggal a tiszt\u00edt\u00e1st ig\u00e9nyl\u0151 b\u0151rre, az egyens\u00faly \u00e9s az eg\u00e9szs\u00e9ges sz\u00edn helyre\u00e1ll\u00edt\u00e1s\u00e1ra. 20 perces otthoni kezel\u00e9s, mely m\u00e9regtelen\u00edti a b\u0151rt, szab\u00e1lyozza a felborult folyamatokat \u00e9s helyre\u00e1ll\u00edtja az egyens\u00falyt.<\/p>","protected":false},"featured_media":6373,"comment_status":"open","ping_status":"closed","template":"","meta":[],"pwb-brand":[152],"product_brand":[],"product_cat":[148],"product_tag":[150,151,149],"class_list":{"0":"post-6840","1":"product","2":"type-product","3":"status-publish","4":"has-post-thumbnail","6":"pwb-brand-larens","7":"product_cat-kremek","8":"product_tag-arcapolas","9":"product_tag-kremek","10":"product_tag-larens-kozmeceutikumok","13":"instock","14":"shipping-taxable","15":"purchasable","16":"product-type-simple","17":"product-grid-view"},"brands":[{"id":152,"name":"Larens","slug":"larens"}],"_links":{"self":[{"href":"https:\/\/garofitakozmetika.hu\/en\/wp-json\/wp\/v2\/product\/6840","targetHints":{"allow":["GET"]}}],"collection":[{"href":"https:\/\/garofitakozmetika.hu\/en\/wp-json\/wp\/v2\/product"}],"about":[{"href":"https:\/\/garofitakozmetika.hu\/en\/wp-json\/wp\/v2\/types\/product"}],"replies":[{"embeddable":true,"href":"https:\/\/garofitakozmetika.hu\/en\/wp-json\/wp\/v2\/comments?post=6840"}],"version-history":[{"count":0,"href":"https:\/\/garofitakozmetika.hu\/en\/wp-json\/wp\/v2\/product\/6840\/revisions"}],"wp:featuredmedia":[{"embeddable":true,"href":"https:\/\/garofitakozmetika.hu\/en\/wp-json\/wp\/v2\/media\/6373"}],"wp:attachment":[{"href":"https:\/\/garofitakozmetika.hu\/en\/wp-json\/wp\/v2\/media?parent=6840"}],"wp:term":[{"taxonomy":"pwb-brand","embeddable":true,"href":"https:\/\/garofitakozmetika.hu\/en\/wp-json\/wp\/v2\/pwb-brand?post=6840"},{"taxonomy":"product_brand","embeddable":true,"href":"https:\/\/garofitakozmetika.hu\/en\/wp-json\/wp\/v2\/product_brand?post=6840"},{"taxonomy":"product_cat","embeddable":true,"href":"https:\/\/garofitakozmetika.hu\/en\/wp-json\/wp\/v2\/product_cat?post=6840"},{"taxonomy":"product_tag","embeddable":true,"href":"https:\/\/garofitakozmetika.hu\/en\/wp-json\/wp\/v2\/product_tag?post=6840"}],"curies":[{"name":"wp","href":"https:\/\/api.w.org\/{rel}","templated":true}]}}