{"id":6841,"date":"2024-09-25T10:20:03","date_gmt":"2024-09-25T10:20:03","guid":{"rendered":"https:\/\/larenspartner.ro\/product\/neuropeptide-serum-eye-more-luxus-kremszerum-a-szemre-es-az-arc-rancaira\/"},"modified":"2024-09-25T10:20:03","modified_gmt":"2024-09-25T10:20:03","slug":"neuropeptide-serum-eye-more-luxus-kremszerum-a-szemre-es-az-arc-rancaira","status":"publish","type":"product","link":"https:\/\/garofitakozmetika.hu\/en\/product\/neuropeptide-serum-eye-more-luxus-kremszerum-a-szemre-es-az-arc-rancaira\/","title":{"rendered":"Neuropeptide Serum Eye &#038; More &#8211; Luxus kr\u00e9msz\u00e9rum a szemre \u00e9s az arc r\u00e1ncaira"},"content":{"rendered":"","protected":false},"excerpt":{"rendered":"<div class=\"details__short pbn ptxs spts mv0\"> Luxus kr\u00e9mes szem- \u00e9s arcr\u00e1ncsz\u00e9rum \u201eBotox-szer\u0171\u201d hat\u00e1ssal. Az innovat\u00edv \u00f6sszet\u00e9tel a neuropeptidek \u00e9s a szem k\u00f6r\u00fcli \u00e9rz\u00e9keny b\u0151r sz\u00e1m\u00e1ra kiv\u00e1lasztott hat\u00f3anyagok erej\u00e9t haszn\u00e1lja fel.<\/p>","protected":false},"featured_media":6378,"comment_status":"open","ping_status":"closed","template":"","meta":[],"pwb-brand":[152],"product_brand":[],"product_cat":[148],"product_tag":[150,151,149],"class_list":{"0":"post-6841","1":"product","2":"type-product","3":"status-publish","4":"has-post-thumbnail","6":"pwb-brand-larens","7":"product_cat-kremek","8":"product_tag-arcapolas","9":"product_tag-kremek","10":"product_tag-larens-kozmeceutikumok","13":"instock","14":"shipping-taxable","15":"purchasable","16":"product-type-simple","17":"product-grid-view"},"brands":[{"id":152,"name":"Larens","slug":"larens"}],"_links":{"self":[{"href":"https:\/\/garofitakozmetika.hu\/en\/wp-json\/wp\/v2\/product\/6841","targetHints":{"allow":["GET"]}}],"collection":[{"href":"https:\/\/garofitakozmetika.hu\/en\/wp-json\/wp\/v2\/product"}],"about":[{"href":"https:\/\/garofitakozmetika.hu\/en\/wp-json\/wp\/v2\/types\/product"}],"replies":[{"embeddable":true,"href":"https:\/\/garofitakozmetika.hu\/en\/wp-json\/wp\/v2\/comments?post=6841"}],"version-history":[{"count":0,"href":"https:\/\/garofitakozmetika.hu\/en\/wp-json\/wp\/v2\/product\/6841\/revisions"}],"wp:featuredmedia":[{"embeddable":true,"href":"https:\/\/garofitakozmetika.hu\/en\/wp-json\/wp\/v2\/media\/6378"}],"wp:attachment":[{"href":"https:\/\/garofitakozmetika.hu\/en\/wp-json\/wp\/v2\/media?parent=6841"}],"wp:term":[{"taxonomy":"pwb-brand","embeddable":true,"href":"https:\/\/garofitakozmetika.hu\/en\/wp-json\/wp\/v2\/pwb-brand?post=6841"},{"taxonomy":"product_brand","embeddable":true,"href":"https:\/\/garofitakozmetika.hu\/en\/wp-json\/wp\/v2\/product_brand?post=6841"},{"taxonomy":"product_cat","embeddable":true,"href":"https:\/\/garofitakozmetika.hu\/en\/wp-json\/wp\/v2\/product_cat?post=6841"},{"taxonomy":"product_tag","embeddable":true,"href":"https:\/\/garofitakozmetika.hu\/en\/wp-json\/wp\/v2\/product_tag?post=6841"}],"curies":[{"name":"wp","href":"https:\/\/api.w.org\/{rel}","templated":true}]}}