{"id":6842,"date":"2024-09-25T10:20:04","date_gmt":"2024-09-25T10:20:04","guid":{"rendered":"https:\/\/larenspartner.ro\/product\/suncare-face-cream-spf-20-vedo-es-regeneralo-krem-spf-20\/"},"modified":"2024-09-25T10:20:05","modified_gmt":"2024-09-25T10:20:05","slug":"suncare-face-cream-spf-20-vedo-es-regeneralo-krem-spf-20","status":"publish","type":"product","link":"https:\/\/garofitakozmetika.hu\/en\/product\/suncare-face-cream-spf-20-vedo-es-regeneralo-krem-spf-20\/","title":{"rendered":"Suncare Face Cream SPF 20 &#8211; V\u00e9d\u0151 \u00e9s regener\u00e1l\u00f3 kr\u00e9m SPF 20"},"content":{"rendered":"","protected":false},"excerpt":{"rendered":"<div class=\"details__short pbn ptxs spts mv0\"> V\u00e9d\u0151 \u00e9s regener\u00e1l\u00f3 arc-, nyak- \u00e9s dekolt\u00e1zskr\u00e9m SPF 20 f\u00e9nyv\u00e9delemmel. K\u00f6nny\u0171, gyorsan besz\u00edv\u00f3d\u00f3 text\u00far\u00e1j\u00fa, friss\u00edt\u0151 k\u00f3kuszv\u00edz illat\u00fa multifunkcion\u00e1lis kozmetikum.<\/p>","protected":false},"featured_media":6383,"comment_status":"open","ping_status":"closed","template":"","meta":[],"pwb-brand":[152],"product_brand":[],"product_cat":[148],"product_tag":[150,151,149],"class_list":{"0":"post-6842","1":"product","2":"type-product","3":"status-publish","4":"has-post-thumbnail","6":"pwb-brand-larens","7":"product_cat-kremek","8":"product_tag-arcapolas","9":"product_tag-kremek","10":"product_tag-larens-kozmeceutikumok","13":"instock","14":"shipping-taxable","15":"purchasable","16":"product-type-simple","17":"product-grid-view"},"brands":[{"id":152,"name":"Larens","slug":"larens"}],"_links":{"self":[{"href":"https:\/\/garofitakozmetika.hu\/en\/wp-json\/wp\/v2\/product\/6842","targetHints":{"allow":["GET"]}}],"collection":[{"href":"https:\/\/garofitakozmetika.hu\/en\/wp-json\/wp\/v2\/product"}],"about":[{"href":"https:\/\/garofitakozmetika.hu\/en\/wp-json\/wp\/v2\/types\/product"}],"replies":[{"embeddable":true,"href":"https:\/\/garofitakozmetika.hu\/en\/wp-json\/wp\/v2\/comments?post=6842"}],"version-history":[{"count":0,"href":"https:\/\/garofitakozmetika.hu\/en\/wp-json\/wp\/v2\/product\/6842\/revisions"}],"wp:featuredmedia":[{"embeddable":true,"href":"https:\/\/garofitakozmetika.hu\/en\/wp-json\/wp\/v2\/media\/6383"}],"wp:attachment":[{"href":"https:\/\/garofitakozmetika.hu\/en\/wp-json\/wp\/v2\/media?parent=6842"}],"wp:term":[{"taxonomy":"pwb-brand","embeddable":true,"href":"https:\/\/garofitakozmetika.hu\/en\/wp-json\/wp\/v2\/pwb-brand?post=6842"},{"taxonomy":"product_brand","embeddable":true,"href":"https:\/\/garofitakozmetika.hu\/en\/wp-json\/wp\/v2\/product_brand?post=6842"},{"taxonomy":"product_cat","embeddable":true,"href":"https:\/\/garofitakozmetika.hu\/en\/wp-json\/wp\/v2\/product_cat?post=6842"},{"taxonomy":"product_tag","embeddable":true,"href":"https:\/\/garofitakozmetika.hu\/en\/wp-json\/wp\/v2\/product_tag?post=6842"}],"curies":[{"name":"wp","href":"https:\/\/api.w.org\/{rel}","templated":true}]}}