{"id":6849,"date":"2024-09-25T10:20:19","date_gmt":"2024-09-25T10:20:19","guid":{"rendered":"https:\/\/larenspartner.ro\/product\/beauty-intensive-duo\/"},"modified":"2024-09-25T10:20:19","modified_gmt":"2024-09-25T10:20:19","slug":"beauty-intensive-duo","status":"publish","type":"product","link":"https:\/\/garofitakozmetika.hu\/en\/product\/beauty-intensive-duo\/","title":{"rendered":"Beauty Intensive Duo"},"content":{"rendered":"","protected":false},"excerpt":{"rendered":"<div class=\"details__short pbn ptxs spts mv0\">\n<div>Forradalom az \u00f6reged\u00e9sg\u00e1tl\u00f3 \u00e1pol\u00e1sban. A Larens k\u00e9t term\u00e9k\u00e9nek gondosan \u00f6ssze\u00e1ll\u00edtott k\u00e9szlete:<\/div>\n<div>\n<div><a href=\"https:\/\/wellu.eu\/shop\/products\/item\/63\/11029\/854544,neuropeptide-serum-eye-more.html\">Neuropeptide Serum Eye &amp; More<\/a><a href=\"http:\/\/wellu.eu\/shop\/products\/item\/63\/10875\/40004,syn-ake-eye-more-new-formula.html\"><\/a><\/div>\n<div><a href=\"https:\/\/wellu.eu\/shop\/products\/item\/63\/10746\/38286,biopeptide-serum-spray.html\">Biopeptide Serum Spray<\/a><\/div>\n<\/div>","protected":false},"featured_media":6417,"comment_status":"open","ping_status":"closed","template":"","meta":[],"pwb-brand":[152],"product_brand":[],"product_cat":[148],"product_tag":[150,151,149],"class_list":{"0":"post-6849","1":"product","2":"type-product","3":"status-publish","4":"has-post-thumbnail","6":"pwb-brand-larens","7":"product_cat-kremek","8":"product_tag-arcapolas","9":"product_tag-kremek","10":"product_tag-larens-kozmeceutikumok","13":"instock","14":"shipping-taxable","15":"purchasable","16":"product-type-simple","17":"product-grid-view"},"brands":[{"id":152,"name":"Larens","slug":"larens"}],"_links":{"self":[{"href":"https:\/\/garofitakozmetika.hu\/en\/wp-json\/wp\/v2\/product\/6849","targetHints":{"allow":["GET"]}}],"collection":[{"href":"https:\/\/garofitakozmetika.hu\/en\/wp-json\/wp\/v2\/product"}],"about":[{"href":"https:\/\/garofitakozmetika.hu\/en\/wp-json\/wp\/v2\/types\/product"}],"replies":[{"embeddable":true,"href":"https:\/\/garofitakozmetika.hu\/en\/wp-json\/wp\/v2\/comments?post=6849"}],"version-history":[{"count":0,"href":"https:\/\/garofitakozmetika.hu\/en\/wp-json\/wp\/v2\/product\/6849\/revisions"}],"wp:featuredmedia":[{"embeddable":true,"href":"https:\/\/garofitakozmetika.hu\/en\/wp-json\/wp\/v2\/media\/6417"}],"wp:attachment":[{"href":"https:\/\/garofitakozmetika.hu\/en\/wp-json\/wp\/v2\/media?parent=6849"}],"wp:term":[{"taxonomy":"pwb-brand","embeddable":true,"href":"https:\/\/garofitakozmetika.hu\/en\/wp-json\/wp\/v2\/pwb-brand?post=6849"},{"taxonomy":"product_brand","embeddable":true,"href":"https:\/\/garofitakozmetika.hu\/en\/wp-json\/wp\/v2\/product_brand?post=6849"},{"taxonomy":"product_cat","embeddable":true,"href":"https:\/\/garofitakozmetika.hu\/en\/wp-json\/wp\/v2\/product_cat?post=6849"},{"taxonomy":"product_tag","embeddable":true,"href":"https:\/\/garofitakozmetika.hu\/en\/wp-json\/wp\/v2\/product_tag?post=6849"}],"curies":[{"name":"wp","href":"https:\/\/api.w.org\/{rel}","templated":true}]}}