{"id":6856,"date":"2024-09-25T10:20:34","date_gmt":"2024-09-25T10:20:34","guid":{"rendered":"https:\/\/larenspartner.ro\/product\/bio-renew-serum\/"},"modified":"2024-09-25T10:20:34","modified_gmt":"2024-09-25T10:20:34","slug":"bio-renew-serum","status":"publish","type":"product","link":"https:\/\/garofitakozmetika.hu\/en\/product\/bio-renew-serum\/","title":{"rendered":"Bio Renew Serum"},"content":{"rendered":"","protected":false},"excerpt":{"rendered":"<div class=\"details__short pbn ptxs spts mv0\"> Innovat\u00edv sz\u00e9rum gazdag, 100%-ban term\u00e9szetes \u00f6sszet\u00e9tellel. Olyan b\u0151r sz\u00e1m\u00e1ra k\u00e9sz\u00fclt, amely feszess\u00e9get ig\u00e9nyel, dehidrat\u00e1lt, valamint rugalmass\u00e1g\u00e1t \u00e9s ragyog\u00e1s\u00e1t vesztett. A recept a BIO RENEW koncepci\u00f3n alapul, amely h\u00e1rom forradalmi komplexb\u0151l \u00e1ll: BIO-Placenta, Biopeptid Complex \u00e9s Phytodermina H Lifting\u00ae. A sz\u00e9rum mentes az irrit\u00e1l\u00f3 emulge\u00e1l\u00f3- \u00e9s s\u0171r\u00edt\u0151anyagokt\u00f3l, \u00e9s nem tartalmaz tart\u00f3s\u00edt\u00f3szert.<\/p>","protected":false},"featured_media":6445,"comment_status":"open","ping_status":"closed","template":"","meta":[],"pwb-brand":[152],"product_brand":[],"product_cat":[153],"product_tag":[150,149,154],"class_list":{"0":"post-6856","1":"product","2":"type-product","3":"status-publish","4":"has-post-thumbnail","6":"pwb-brand-larens","7":"product_cat-serum","8":"product_tag-arcapolas","9":"product_tag-larens-kozmeceutikumok","10":"product_tag-serum","13":"instock","14":"shipping-taxable","15":"purchasable","16":"product-type-simple","17":"product-grid-view"},"brands":[{"id":152,"name":"Larens","slug":"larens"}],"_links":{"self":[{"href":"https:\/\/garofitakozmetika.hu\/en\/wp-json\/wp\/v2\/product\/6856","targetHints":{"allow":["GET"]}}],"collection":[{"href":"https:\/\/garofitakozmetika.hu\/en\/wp-json\/wp\/v2\/product"}],"about":[{"href":"https:\/\/garofitakozmetika.hu\/en\/wp-json\/wp\/v2\/types\/product"}],"replies":[{"embeddable":true,"href":"https:\/\/garofitakozmetika.hu\/en\/wp-json\/wp\/v2\/comments?post=6856"}],"version-history":[{"count":0,"href":"https:\/\/garofitakozmetika.hu\/en\/wp-json\/wp\/v2\/product\/6856\/revisions"}],"wp:featuredmedia":[{"embeddable":true,"href":"https:\/\/garofitakozmetika.hu\/en\/wp-json\/wp\/v2\/media\/6445"}],"wp:attachment":[{"href":"https:\/\/garofitakozmetika.hu\/en\/wp-json\/wp\/v2\/media?parent=6856"}],"wp:term":[{"taxonomy":"pwb-brand","embeddable":true,"href":"https:\/\/garofitakozmetika.hu\/en\/wp-json\/wp\/v2\/pwb-brand?post=6856"},{"taxonomy":"product_brand","embeddable":true,"href":"https:\/\/garofitakozmetika.hu\/en\/wp-json\/wp\/v2\/product_brand?post=6856"},{"taxonomy":"product_cat","embeddable":true,"href":"https:\/\/garofitakozmetika.hu\/en\/wp-json\/wp\/v2\/product_cat?post=6856"},{"taxonomy":"product_tag","embeddable":true,"href":"https:\/\/garofitakozmetika.hu\/en\/wp-json\/wp\/v2\/product_tag?post=6856"}],"curies":[{"name":"wp","href":"https:\/\/api.w.org\/{rel}","templated":true}]}}