{"id":6859,"date":"2024-09-25T10:20:42","date_gmt":"2024-09-25T10:20:42","guid":{"rendered":"https:\/\/larenspartner.ro\/product\/larens-golden-oil-arany-arc-es-testolaj\/"},"modified":"2024-09-25T10:20:42","modified_gmt":"2024-09-25T10:20:42","slug":"larens-golden-oil-arany-arc-es-testolaj","status":"publish","type":"product","link":"https:\/\/garofitakozmetika.hu\/en\/product\/larens-golden-oil-arany-arc-es-testolaj\/","title":{"rendered":"Larens Golden Oil &#8211; Arany arc- \u00e9s testolaj"},"content":{"rendered":"","protected":false},"excerpt":{"rendered":"<div class=\"details__short pbn ptxs spts mv0\"> \u00c1pol\u00f3, t\u00e1pl\u00e1l\u00f3 \u00e9s v\u00e9d\u0151 tulajdons\u00e1gokkal rendelkez\u0151 olajok \u00f6sszet\u00e9tele. Az \u00f6sszet\u00e9tel alapja a 100%-ban term\u00e9szetes, finom\u00edtatlan s\u00e1rgar\u00e9pa gy\u00f6k\u00e9r, mandula, rizs, m\u00e1lnamag, b\u00fazacs\u00edra \u00e9s ol\u00edvaolaj.<\/p>","protected":false},"featured_media":6459,"comment_status":"open","ping_status":"closed","template":"","meta":[],"pwb-brand":[152],"product_brand":[],"product_cat":[157],"product_tag":[150,149,158],"class_list":{"0":"post-6859","1":"product","2":"type-product","3":"status-publish","4":"has-post-thumbnail","6":"pwb-brand-larens","7":"product_cat-olajok","8":"product_tag-arcapolas","9":"product_tag-larens-kozmeceutikumok","10":"product_tag-olajok","13":"instock","14":"shipping-taxable","15":"purchasable","16":"product-type-simple","17":"product-grid-view"},"brands":[{"id":152,"name":"Larens","slug":"larens"}],"_links":{"self":[{"href":"https:\/\/garofitakozmetika.hu\/en\/wp-json\/wp\/v2\/product\/6859","targetHints":{"allow":["GET"]}}],"collection":[{"href":"https:\/\/garofitakozmetika.hu\/en\/wp-json\/wp\/v2\/product"}],"about":[{"href":"https:\/\/garofitakozmetika.hu\/en\/wp-json\/wp\/v2\/types\/product"}],"replies":[{"embeddable":true,"href":"https:\/\/garofitakozmetika.hu\/en\/wp-json\/wp\/v2\/comments?post=6859"}],"version-history":[{"count":0,"href":"https:\/\/garofitakozmetika.hu\/en\/wp-json\/wp\/v2\/product\/6859\/revisions"}],"wp:featuredmedia":[{"embeddable":true,"href":"https:\/\/garofitakozmetika.hu\/en\/wp-json\/wp\/v2\/media\/6459"}],"wp:attachment":[{"href":"https:\/\/garofitakozmetika.hu\/en\/wp-json\/wp\/v2\/media?parent=6859"}],"wp:term":[{"taxonomy":"pwb-brand","embeddable":true,"href":"https:\/\/garofitakozmetika.hu\/en\/wp-json\/wp\/v2\/pwb-brand?post=6859"},{"taxonomy":"product_brand","embeddable":true,"href":"https:\/\/garofitakozmetika.hu\/en\/wp-json\/wp\/v2\/product_brand?post=6859"},{"taxonomy":"product_cat","embeddable":true,"href":"https:\/\/garofitakozmetika.hu\/en\/wp-json\/wp\/v2\/product_cat?post=6859"},{"taxonomy":"product_tag","embeddable":true,"href":"https:\/\/garofitakozmetika.hu\/en\/wp-json\/wp\/v2\/product_tag?post=6859"}],"curies":[{"name":"wp","href":"https:\/\/api.w.org\/{rel}","templated":true}]}}