{"id":6860,"date":"2024-09-25T10:20:43","date_gmt":"2024-09-25T10:20:43","guid":{"rendered":"https:\/\/larenspartner.ro\/product\/larens-orient-oil-konnyu-olaj-arcra-testre-es-hajra\/"},"modified":"2024-09-25T10:20:44","modified_gmt":"2024-09-25T10:20:44","slug":"larens-orient-oil-konnyu-olaj-arcra-testre-es-hajra","status":"publish","type":"product","link":"https:\/\/garofitakozmetika.hu\/en\/product\/larens-orient-oil-konnyu-olaj-arcra-testre-es-hajra\/","title":{"rendered":"Larens Orient Oil &#8211; K\u00f6nny\u0171 olaj arcra, testre \u00e9s hajra"},"content":{"rendered":"","protected":false},"excerpt":{"rendered":"<div class=\"details__short pbn ptxs spts mv0\">\n<p>K\u00f6nny\u0171 \u00e1pol\u00f3olaj finom\u00edtatlan, 100%-ban term\u00e9szetes olajokkal: rizs, mandula \u00e9s jojoba.<\/p>","protected":false},"featured_media":6464,"comment_status":"open","ping_status":"closed","template":"","meta":[],"pwb-brand":[152],"product_brand":[],"product_cat":[157],"product_tag":[150,149,158],"class_list":{"0":"post-6860","1":"product","2":"type-product","3":"status-publish","4":"has-post-thumbnail","6":"pwb-brand-larens","7":"product_cat-olajok","8":"product_tag-arcapolas","9":"product_tag-larens-kozmeceutikumok","10":"product_tag-olajok","13":"instock","14":"shipping-taxable","15":"purchasable","16":"product-type-simple","17":"product-grid-view"},"brands":[{"id":152,"name":"Larens","slug":"larens"}],"_links":{"self":[{"href":"https:\/\/garofitakozmetika.hu\/en\/wp-json\/wp\/v2\/product\/6860","targetHints":{"allow":["GET"]}}],"collection":[{"href":"https:\/\/garofitakozmetika.hu\/en\/wp-json\/wp\/v2\/product"}],"about":[{"href":"https:\/\/garofitakozmetika.hu\/en\/wp-json\/wp\/v2\/types\/product"}],"replies":[{"embeddable":true,"href":"https:\/\/garofitakozmetika.hu\/en\/wp-json\/wp\/v2\/comments?post=6860"}],"version-history":[{"count":0,"href":"https:\/\/garofitakozmetika.hu\/en\/wp-json\/wp\/v2\/product\/6860\/revisions"}],"wp:featuredmedia":[{"embeddable":true,"href":"https:\/\/garofitakozmetika.hu\/en\/wp-json\/wp\/v2\/media\/6464"}],"wp:attachment":[{"href":"https:\/\/garofitakozmetika.hu\/en\/wp-json\/wp\/v2\/media?parent=6860"}],"wp:term":[{"taxonomy":"pwb-brand","embeddable":true,"href":"https:\/\/garofitakozmetika.hu\/en\/wp-json\/wp\/v2\/pwb-brand?post=6860"},{"taxonomy":"product_brand","embeddable":true,"href":"https:\/\/garofitakozmetika.hu\/en\/wp-json\/wp\/v2\/product_brand?post=6860"},{"taxonomy":"product_cat","embeddable":true,"href":"https:\/\/garofitakozmetika.hu\/en\/wp-json\/wp\/v2\/product_cat?post=6860"},{"taxonomy":"product_tag","embeddable":true,"href":"https:\/\/garofitakozmetika.hu\/en\/wp-json\/wp\/v2\/product_tag?post=6860"}],"curies":[{"name":"wp","href":"https:\/\/api.w.org\/{rel}","templated":true}]}}