{"id":6861,"date":"2024-09-25T10:20:45","date_gmt":"2024-09-25T10:20:45","guid":{"rendered":"https:\/\/larenspartner.ro\/product\/face-gel\/"},"modified":"2024-09-25T10:20:45","modified_gmt":"2024-09-25T10:20:45","slug":"face-gel","status":"publish","type":"product","link":"https:\/\/garofitakozmetika.hu\/en\/product\/face-gel\/","title":{"rendered":"Face Gel"},"content":{"rendered":"","protected":false},"excerpt":{"rendered":"<div class=\"details__short pbn ptxs spts mv0\"> Kollag\u00e9n-peptid g\u00e9l arcra, nyakra \u00e9s dekolt\u00e1zsra lifting \u00e9s r\u00e1nctalan\u00edt\u00f3 hat\u00e1ssal. Bioakt\u00edv anyagokban rendk\u00edv\u00fcl gazdag multifunkcion\u00e1lis kozmetikai szer, pl. v\u00e1logatott \u00e9desv\u00edzi halfajokb\u00f3l sz\u00e1rmaz\u00f3 t\u00f6bb sz\u00e1z term\u00e9szetes, biol\u00f3giailag akt\u00edv peptidb\u0151l \u00e1ll\u00f3 komplexum.<\/p>","protected":false},"featured_media":6469,"comment_status":"open","ping_status":"closed","template":"","meta":[],"pwb-brand":[152],"product_brand":[],"product_cat":[159],"product_tag":[150,160,149],"class_list":{"0":"post-6861","1":"product","2":"type-product","3":"status-publish","4":"has-post-thumbnail","6":"pwb-brand-larens","7":"product_cat-gelek","8":"product_tag-arcapolas","9":"product_tag-gelek","10":"product_tag-larens-kozmeceutikumok","13":"instock","14":"shipping-taxable","15":"purchasable","16":"product-type-simple","17":"product-grid-view"},"brands":[{"id":152,"name":"Larens","slug":"larens"}],"_links":{"self":[{"href":"https:\/\/garofitakozmetika.hu\/en\/wp-json\/wp\/v2\/product\/6861","targetHints":{"allow":["GET"]}}],"collection":[{"href":"https:\/\/garofitakozmetika.hu\/en\/wp-json\/wp\/v2\/product"}],"about":[{"href":"https:\/\/garofitakozmetika.hu\/en\/wp-json\/wp\/v2\/types\/product"}],"replies":[{"embeddable":true,"href":"https:\/\/garofitakozmetika.hu\/en\/wp-json\/wp\/v2\/comments?post=6861"}],"version-history":[{"count":0,"href":"https:\/\/garofitakozmetika.hu\/en\/wp-json\/wp\/v2\/product\/6861\/revisions"}],"wp:featuredmedia":[{"embeddable":true,"href":"https:\/\/garofitakozmetika.hu\/en\/wp-json\/wp\/v2\/media\/6469"}],"wp:attachment":[{"href":"https:\/\/garofitakozmetika.hu\/en\/wp-json\/wp\/v2\/media?parent=6861"}],"wp:term":[{"taxonomy":"pwb-brand","embeddable":true,"href":"https:\/\/garofitakozmetika.hu\/en\/wp-json\/wp\/v2\/pwb-brand?post=6861"},{"taxonomy":"product_brand","embeddable":true,"href":"https:\/\/garofitakozmetika.hu\/en\/wp-json\/wp\/v2\/product_brand?post=6861"},{"taxonomy":"product_cat","embeddable":true,"href":"https:\/\/garofitakozmetika.hu\/en\/wp-json\/wp\/v2\/product_cat?post=6861"},{"taxonomy":"product_tag","embeddable":true,"href":"https:\/\/garofitakozmetika.hu\/en\/wp-json\/wp\/v2\/product_tag?post=6861"}],"curies":[{"name":"wp","href":"https:\/\/api.w.org\/{rel}","templated":true}]}}