{"id":6863,"date":"2024-09-25T10:20:48","date_gmt":"2024-09-25T10:20:48","guid":{"rendered":"https:\/\/larenspartner.ro\/product\/repair-gel\/"},"modified":"2024-09-25T10:20:48","modified_gmt":"2024-09-25T10:20:48","slug":"repair-gel","status":"publish","type":"product","link":"https:\/\/garofitakozmetika.hu\/en\/product\/repair-gel\/","title":{"rendered":"Repair Gel"},"content":{"rendered":"","protected":false},"excerpt":{"rendered":"<div class=\"details__short pbn ptxs spts mv0\"> Kollag\u00e9n-peptid g\u00e9l testre, hajra \u00e9s k\u00f6rm\u00f6kre, mely a Biopeptid Complex \u00e9s a Nutrivi v\u00edz egyed\u00fcl\u00e1ll\u00f3 formul\u00e1j\u00e1ra alapul. Bioakt\u00edv anyagokban rendk\u00edv\u00fcl gazdag multifunkcion\u00e1lis kozmetikai k\u00e9sz\u00edtm\u00e9ny, amely az al\u00e1bbiakat foglalja mag\u00e1ban: t\u00f6bb sz\u00e1z term\u00e9szetes, biol\u00f3giailag akt\u00edv halkollag\u00e9n peptid komplexe, v\u00e1logatott \u00e9desv\u00edzi halfajokb\u00f3l, kollag\u00e9n, tejsav, biotin \u00e9s C-vitamin.<\/p>","protected":false},"featured_media":6473,"comment_status":"open","ping_status":"closed","template":"","meta":[],"pwb-brand":[152],"product_brand":[],"product_cat":[159],"product_tag":[150,160,149],"class_list":{"0":"post-6863","1":"product","2":"type-product","3":"status-publish","4":"has-post-thumbnail","6":"pwb-brand-larens","7":"product_cat-gelek","8":"product_tag-arcapolas","9":"product_tag-gelek","10":"product_tag-larens-kozmeceutikumok","13":"instock","14":"shipping-taxable","15":"purchasable","16":"product-type-simple","17":"product-grid-view"},"brands":[{"id":152,"name":"Larens","slug":"larens"}],"_links":{"self":[{"href":"https:\/\/garofitakozmetika.hu\/en\/wp-json\/wp\/v2\/product\/6863","targetHints":{"allow":["GET"]}}],"collection":[{"href":"https:\/\/garofitakozmetika.hu\/en\/wp-json\/wp\/v2\/product"}],"about":[{"href":"https:\/\/garofitakozmetika.hu\/en\/wp-json\/wp\/v2\/types\/product"}],"replies":[{"embeddable":true,"href":"https:\/\/garofitakozmetika.hu\/en\/wp-json\/wp\/v2\/comments?post=6863"}],"version-history":[{"count":0,"href":"https:\/\/garofitakozmetika.hu\/en\/wp-json\/wp\/v2\/product\/6863\/revisions"}],"wp:featuredmedia":[{"embeddable":true,"href":"https:\/\/garofitakozmetika.hu\/en\/wp-json\/wp\/v2\/media\/6473"}],"wp:attachment":[{"href":"https:\/\/garofitakozmetika.hu\/en\/wp-json\/wp\/v2\/media?parent=6863"}],"wp:term":[{"taxonomy":"pwb-brand","embeddable":true,"href":"https:\/\/garofitakozmetika.hu\/en\/wp-json\/wp\/v2\/pwb-brand?post=6863"},{"taxonomy":"product_brand","embeddable":true,"href":"https:\/\/garofitakozmetika.hu\/en\/wp-json\/wp\/v2\/product_brand?post=6863"},{"taxonomy":"product_cat","embeddable":true,"href":"https:\/\/garofitakozmetika.hu\/en\/wp-json\/wp\/v2\/product_cat?post=6863"},{"taxonomy":"product_tag","embeddable":true,"href":"https:\/\/garofitakozmetika.hu\/en\/wp-json\/wp\/v2\/product_tag?post=6863"}],"curies":[{"name":"wp","href":"https:\/\/api.w.org\/{rel}","templated":true}]}}