{"id":6868,"date":"2024-09-25T10:21:00","date_gmt":"2024-09-25T10:21:00","guid":{"rendered":"https:\/\/larenspartner.ro\/product\/enzymatic-peeling-hamozas-harom-novenyi-enzim-erejevel\/"},"modified":"2024-09-25T10:21:00","modified_gmt":"2024-09-25T10:21:00","slug":"enzymatic-peeling-hamozas-harom-novenyi-enzim-erejevel","status":"publish","type":"product","link":"https:\/\/garofitakozmetika.hu\/en\/product\/enzymatic-peeling-hamozas-harom-novenyi-enzim-erejevel\/","title":{"rendered":"Enzymatic Peeling &#8211; H\u00e1moz\u00e1s h\u00e1rom n\u00f6v\u00e9nyi enzim erej\u00e9vel"},"content":{"rendered":"","protected":false},"excerpt":{"rendered":"<div class=\"details__short pbn ptxs spts mv0\"> H\u00e1rom n\u00f6v\u00e9nyi enzim: papain, ficin \u00e9s bromelain erej\u00e9n alapul\u00f3 enzimes arcrad\u00edr. Gyeng\u00e9den, de hat\u00e9konyan h\u00e1mlasztj\u00e1k az elhalt b\u0151rt, s\u00farl\u00f3d\u00e1s \u00e9s az ezzel j\u00e1r\u00f3 irrit\u00e1ci\u00f3 vesz\u00e9lye n\u00e9lk\u00fcl.<\/p>","protected":false},"featured_media":6488,"comment_status":"open","ping_status":"closed","template":"","meta":[],"pwb-brand":[152],"product_brand":[],"product_cat":[163],"product_tag":[150,149,164],"class_list":{"0":"post-6868","1":"product","2":"type-product","3":"status-publish","4":"has-post-thumbnail","6":"pwb-brand-larens","7":"product_cat-peelingek","8":"product_tag-arcapolas","9":"product_tag-larens-kozmeceutikumok","10":"product_tag-peelingek","13":"instock","14":"shipping-taxable","15":"purchasable","16":"product-type-simple","17":"product-grid-view"},"brands":[{"id":152,"name":"Larens","slug":"larens"}],"_links":{"self":[{"href":"https:\/\/garofitakozmetika.hu\/en\/wp-json\/wp\/v2\/product\/6868","targetHints":{"allow":["GET"]}}],"collection":[{"href":"https:\/\/garofitakozmetika.hu\/en\/wp-json\/wp\/v2\/product"}],"about":[{"href":"https:\/\/garofitakozmetika.hu\/en\/wp-json\/wp\/v2\/types\/product"}],"replies":[{"embeddable":true,"href":"https:\/\/garofitakozmetika.hu\/en\/wp-json\/wp\/v2\/comments?post=6868"}],"version-history":[{"count":0,"href":"https:\/\/garofitakozmetika.hu\/en\/wp-json\/wp\/v2\/product\/6868\/revisions"}],"wp:featuredmedia":[{"embeddable":true,"href":"https:\/\/garofitakozmetika.hu\/en\/wp-json\/wp\/v2\/media\/6488"}],"wp:attachment":[{"href":"https:\/\/garofitakozmetika.hu\/en\/wp-json\/wp\/v2\/media?parent=6868"}],"wp:term":[{"taxonomy":"pwb-brand","embeddable":true,"href":"https:\/\/garofitakozmetika.hu\/en\/wp-json\/wp\/v2\/pwb-brand?post=6868"},{"taxonomy":"product_brand","embeddable":true,"href":"https:\/\/garofitakozmetika.hu\/en\/wp-json\/wp\/v2\/product_brand?post=6868"},{"taxonomy":"product_cat","embeddable":true,"href":"https:\/\/garofitakozmetika.hu\/en\/wp-json\/wp\/v2\/product_cat?post=6868"},{"taxonomy":"product_tag","embeddable":true,"href":"https:\/\/garofitakozmetika.hu\/en\/wp-json\/wp\/v2\/product_tag?post=6868"}],"curies":[{"name":"wp","href":"https:\/\/api.w.org\/{rel}","templated":true}]}}