{"id":6869,"date":"2024-09-25T10:21:04","date_gmt":"2024-09-25T10:21:04","guid":{"rendered":"https:\/\/larenspartner.ro\/product\/cbd-special-skin-therapy-erzekeny-borre-valo-krem-cbd-vel-kenderolajjal-es-peptidekkel\/"},"modified":"2024-09-25T10:21:04","modified_gmt":"2024-09-25T10:21:04","slug":"cbd-special-skin-therapy-erzekeny-borre-valo-krem-cbd-vel-kenderolajjal-es-peptidekkel","status":"publish","type":"product","link":"https:\/\/garofitakozmetika.hu\/en\/product\/cbd-special-skin-therapy-erzekeny-borre-valo-krem-cbd-vel-kenderolajjal-es-peptidekkel\/","title":{"rendered":"CBD Special Skin Therapy &#8211; \u00c9rz\u00e9keny b\u0151rre val\u00f3 kr\u00e9m CBD-vel, kenderolajjal \u00e9s peptidekkel"},"content":{"rendered":"","protected":false},"excerpt":{"rendered":"<div class=\"details__short pbn ptxs spts mv0\"> K\u00f6nny\u0171 kr\u00e9m a probl\u00e9m\u00e1s, nagyon \u00e9rz\u00e9keny, k\u00fcl\u00f6nleges kezel\u00e9st ig\u00e9nyl\u0151 b\u0151rre. A magas CBD, kenderolaj \u00e9s a nyugtat\u00f3 \u00e9s gyullad\u00e1scs\u00f6kkent\u0151 tulajdons\u00e1gokkal rendelkez\u0151 Biopeptid Komplex magas tartalma gyors enyh\u00fcl\u00e9st biztos\u00edt, t\u00e1mogatja a b\u0151r term\u00e9szetes v\u00e9dekez\u0151 mechanizmusait, csillap\u00edtja az irrit\u00e1ci\u00f3t \u00e9s cs\u00f6kkenti a b\u0151r hiperreaktivit\u00e1s\u00e1t.<\/p>","protected":false},"featured_media":6493,"comment_status":"open","ping_status":"closed","template":"","meta":[],"pwb-brand":[152],"product_brand":[],"product_cat":[165],"product_tag":[149,166],"class_list":{"0":"post-6869","1":"product","2":"type-product","3":"status-publish","4":"has-post-thumbnail","6":"pwb-brand-larens","7":"product_cat-testapolas-larens-kozmeceutikumok","8":"product_tag-larens-kozmeceutikumok","9":"product_tag-testapolas","12":"instock","13":"shipping-taxable","14":"purchasable","15":"product-type-simple","16":"product-grid-view"},"brands":[{"id":152,"name":"Larens","slug":"larens"}],"_links":{"self":[{"href":"https:\/\/garofitakozmetika.hu\/en\/wp-json\/wp\/v2\/product\/6869","targetHints":{"allow":["GET"]}}],"collection":[{"href":"https:\/\/garofitakozmetika.hu\/en\/wp-json\/wp\/v2\/product"}],"about":[{"href":"https:\/\/garofitakozmetika.hu\/en\/wp-json\/wp\/v2\/types\/product"}],"replies":[{"embeddable":true,"href":"https:\/\/garofitakozmetika.hu\/en\/wp-json\/wp\/v2\/comments?post=6869"}],"version-history":[{"count":0,"href":"https:\/\/garofitakozmetika.hu\/en\/wp-json\/wp\/v2\/product\/6869\/revisions"}],"wp:featuredmedia":[{"embeddable":true,"href":"https:\/\/garofitakozmetika.hu\/en\/wp-json\/wp\/v2\/media\/6493"}],"wp:attachment":[{"href":"https:\/\/garofitakozmetika.hu\/en\/wp-json\/wp\/v2\/media?parent=6869"}],"wp:term":[{"taxonomy":"pwb-brand","embeddable":true,"href":"https:\/\/garofitakozmetika.hu\/en\/wp-json\/wp\/v2\/pwb-brand?post=6869"},{"taxonomy":"product_brand","embeddable":true,"href":"https:\/\/garofitakozmetika.hu\/en\/wp-json\/wp\/v2\/product_brand?post=6869"},{"taxonomy":"product_cat","embeddable":true,"href":"https:\/\/garofitakozmetika.hu\/en\/wp-json\/wp\/v2\/product_cat?post=6869"},{"taxonomy":"product_tag","embeddable":true,"href":"https:\/\/garofitakozmetika.hu\/en\/wp-json\/wp\/v2\/product_tag?post=6869"}],"curies":[{"name":"wp","href":"https:\/\/api.w.org\/{rel}","templated":true}]}}