{"id":6871,"date":"2024-09-25T10:21:07","date_gmt":"2024-09-25T10:21:07","guid":{"rendered":"https:\/\/larenspartner.ro\/product\/cbd-cooling-gel-revitalizalo-es-husito-testgel-cbd-vel-kenderolajjal-es-peptidekkel\/"},"modified":"2024-09-25T10:21:07","modified_gmt":"2024-09-25T10:21:07","slug":"cbd-cooling-gel-revitalizalo-es-husito-testgel-cbd-vel-kenderolajjal-es-peptidekkel","status":"publish","type":"product","link":"https:\/\/garofitakozmetika.hu\/en\/product\/cbd-cooling-gel-revitalizalo-es-husito-testgel-cbd-vel-kenderolajjal-es-peptidekkel\/","title":{"rendered":"CBD Cooling Gel &#8211; Revitaliz\u00e1l\u00f3 \u00e9s h\u0171s\u00edt\u0151 testg\u00e9l CBD-vel, kenderolajjal \u00e9s peptidekkel"},"content":{"rendered":"","protected":false},"excerpt":{"rendered":"<div class=\"details__short pbn ptxs spts mv0\">\n<div>Revitaliz\u00e1l\u00f3 \u00e9s h\u0171s\u00edt\u0151 g\u00e9l magas CBD-tartalommal, kenderolajjal \u00e9s Biopeptid Complex-szel. N\u00e9h\u00e1ny m\u00e1sodperc alatt enyh\u00fcl\u00e9st ny\u00fajt a f\u00e1radt \u00e9s fesz\u00fclt izmoknak. Enyh\u00edti a f\u00e1jdalmat \u00e9s az izomfesz\u00fclts\u00e9get a karokban, l\u00e1bakban, nyakban, hal\u00e1nt\u00e9kon \u00e9s a homlokon, cs\u00f6kkenti a duzzanatot<\/div>","protected":false},"featured_media":6502,"comment_status":"open","ping_status":"closed","template":"","meta":[],"pwb-brand":[152],"product_brand":[],"product_cat":[165],"product_tag":[149,166],"class_list":{"0":"post-6871","1":"product","2":"type-product","3":"status-publish","4":"has-post-thumbnail","6":"pwb-brand-larens","7":"product_cat-testapolas-larens-kozmeceutikumok","8":"product_tag-larens-kozmeceutikumok","9":"product_tag-testapolas","12":"instock","13":"shipping-taxable","14":"purchasable","15":"product-type-simple","16":"product-grid-view"},"brands":[{"id":152,"name":"Larens","slug":"larens"}],"_links":{"self":[{"href":"https:\/\/garofitakozmetika.hu\/en\/wp-json\/wp\/v2\/product\/6871","targetHints":{"allow":["GET"]}}],"collection":[{"href":"https:\/\/garofitakozmetika.hu\/en\/wp-json\/wp\/v2\/product"}],"about":[{"href":"https:\/\/garofitakozmetika.hu\/en\/wp-json\/wp\/v2\/types\/product"}],"replies":[{"embeddable":true,"href":"https:\/\/garofitakozmetika.hu\/en\/wp-json\/wp\/v2\/comments?post=6871"}],"version-history":[{"count":0,"href":"https:\/\/garofitakozmetika.hu\/en\/wp-json\/wp\/v2\/product\/6871\/revisions"}],"wp:featuredmedia":[{"embeddable":true,"href":"https:\/\/garofitakozmetika.hu\/en\/wp-json\/wp\/v2\/media\/6502"}],"wp:attachment":[{"href":"https:\/\/garofitakozmetika.hu\/en\/wp-json\/wp\/v2\/media?parent=6871"}],"wp:term":[{"taxonomy":"pwb-brand","embeddable":true,"href":"https:\/\/garofitakozmetika.hu\/en\/wp-json\/wp\/v2\/pwb-brand?post=6871"},{"taxonomy":"product_brand","embeddable":true,"href":"https:\/\/garofitakozmetika.hu\/en\/wp-json\/wp\/v2\/product_brand?post=6871"},{"taxonomy":"product_cat","embeddable":true,"href":"https:\/\/garofitakozmetika.hu\/en\/wp-json\/wp\/v2\/product_cat?post=6871"},{"taxonomy":"product_tag","embeddable":true,"href":"https:\/\/garofitakozmetika.hu\/en\/wp-json\/wp\/v2\/product_tag?post=6871"}],"curies":[{"name":"wp","href":"https:\/\/api.w.org\/{rel}","templated":true}]}}