{"id":6873,"date":"2024-09-25T10:21:11","date_gmt":"2024-09-25T10:21:11","guid":{"rendered":"https:\/\/larenspartner.ro\/product\/collagen-peptide-face-body-wash-regeneralo-es-revitalizalo-arc-es-testtisztito-gel\/"},"modified":"2024-09-25T10:21:11","modified_gmt":"2024-09-25T10:21:11","slug":"collagen-peptide-face-body-wash-regeneralo-es-revitalizalo-arc-es-testtisztito-gel","status":"publish","type":"product","link":"https:\/\/garofitakozmetika.hu\/en\/product\/collagen-peptide-face-body-wash-regeneralo-es-revitalizalo-arc-es-testtisztito-gel\/","title":{"rendered":"Collagen Peptide Face &#038; Body Wash &#8211; Regener\u00e1l\u00f3 \u00e9s revitaliz\u00e1l\u00f3 arc- \u00e9s testtiszt\u00edt\u00f3 g\u00e9l"},"content":{"rendered":"","protected":false},"excerpt":{"rendered":"<div class=\"details__short pbn ptxs spts mv0\"> Regener\u00e1l\u00f3 \u00e9s revitaliz\u00e1l\u00f3 g\u00e9l az arc \u00e9s a test b\u0151r\u00e9nek tiszt\u00edt\u00e1s\u00e1ra. A b\u0151r \u00e1pol\u00e1s\u00e1t szolg\u00e1l\u00f3 \u00f6sszetev\u0151k erej\u00e9t tartalmazza mosakod\u00e1s k\u00f6zben: \u00e1sv\u00e1nyi anyagokban gazdag tengeri alg\u00e1k, makad\u00e1miaolaj, aloe vera \u00e9s hal kollag\u00e9n peptidek.<\/p>","protected":false},"featured_media":6512,"comment_status":"open","ping_status":"closed","template":"","meta":[],"pwb-brand":[152],"product_brand":[],"product_cat":[165],"product_tag":[149,166],"class_list":{"0":"post-6873","1":"product","2":"type-product","3":"status-publish","4":"has-post-thumbnail","6":"pwb-brand-larens","7":"product_cat-testapolas-larens-kozmeceutikumok","8":"product_tag-larens-kozmeceutikumok","9":"product_tag-testapolas","12":"instock","13":"shipping-taxable","14":"purchasable","15":"product-type-simple","16":"product-grid-view"},"brands":[{"id":152,"name":"Larens","slug":"larens"}],"_links":{"self":[{"href":"https:\/\/garofitakozmetika.hu\/en\/wp-json\/wp\/v2\/product\/6873","targetHints":{"allow":["GET"]}}],"collection":[{"href":"https:\/\/garofitakozmetika.hu\/en\/wp-json\/wp\/v2\/product"}],"about":[{"href":"https:\/\/garofitakozmetika.hu\/en\/wp-json\/wp\/v2\/types\/product"}],"replies":[{"embeddable":true,"href":"https:\/\/garofitakozmetika.hu\/en\/wp-json\/wp\/v2\/comments?post=6873"}],"version-history":[{"count":0,"href":"https:\/\/garofitakozmetika.hu\/en\/wp-json\/wp\/v2\/product\/6873\/revisions"}],"wp:featuredmedia":[{"embeddable":true,"href":"https:\/\/garofitakozmetika.hu\/en\/wp-json\/wp\/v2\/media\/6512"}],"wp:attachment":[{"href":"https:\/\/garofitakozmetika.hu\/en\/wp-json\/wp\/v2\/media?parent=6873"}],"wp:term":[{"taxonomy":"pwb-brand","embeddable":true,"href":"https:\/\/garofitakozmetika.hu\/en\/wp-json\/wp\/v2\/pwb-brand?post=6873"},{"taxonomy":"product_brand","embeddable":true,"href":"https:\/\/garofitakozmetika.hu\/en\/wp-json\/wp\/v2\/product_brand?post=6873"},{"taxonomy":"product_cat","embeddable":true,"href":"https:\/\/garofitakozmetika.hu\/en\/wp-json\/wp\/v2\/product_cat?post=6873"},{"taxonomy":"product_tag","embeddable":true,"href":"https:\/\/garofitakozmetika.hu\/en\/wp-json\/wp\/v2\/product_tag?post=6873"}],"curies":[{"name":"wp","href":"https:\/\/api.w.org\/{rel}","templated":true}]}}