{"id":6876,"date":"2024-09-25T10:21:32","date_gmt":"2024-09-25T10:21:32","guid":{"rendered":"https:\/\/larenspartner.ro\/product\/dna-shampoo\/"},"modified":"2024-09-25T10:21:33","modified_gmt":"2024-09-25T10:21:33","slug":"dna-shampoo","status":"publish","type":"product","link":"https:\/\/garofitakozmetika.hu\/en\/product\/dna-shampoo\/","title":{"rendered":"DNA Shampoo"},"content":{"rendered":"","protected":false},"excerpt":{"rendered":"<div class=\"details__short pbn ptxs spts mv0\"> Speci\u00e1lis sampon hull\u00e1sra hajlamos legyeng\u00fclt hajra. Cs\u00f6kkenti a hajhull\u00e1s probl\u00e9m\u00e1j\u00e1t \u00e9s t\u00e1pl\u00e1lja a fejb\u0151rt \u00e9s a haj m\u00e1trix\u00e1t egyar\u00e1nt, serkenti a megfelel\u0151 hajn\u00f6veked\u00e9st.<\/p>","protected":false},"featured_media":6523,"comment_status":"open","ping_status":"closed","template":"","meta":[],"pwb-brand":[152],"product_brand":[],"product_cat":[167],"product_tag":[168,149],"class_list":{"0":"post-6876","1":"product","2":"type-product","3":"status-publish","4":"has-post-thumbnail","6":"pwb-brand-larens","7":"product_cat-hajapolas-larens-kozmeceutikumok","8":"product_tag-hajapolas","9":"product_tag-larens-kozmeceutikumok","12":"instock","13":"shipping-taxable","14":"purchasable","15":"product-type-simple","16":"product-grid-view"},"brands":[{"id":152,"name":"Larens","slug":"larens"}],"_links":{"self":[{"href":"https:\/\/garofitakozmetika.hu\/en\/wp-json\/wp\/v2\/product\/6876","targetHints":{"allow":["GET"]}}],"collection":[{"href":"https:\/\/garofitakozmetika.hu\/en\/wp-json\/wp\/v2\/product"}],"about":[{"href":"https:\/\/garofitakozmetika.hu\/en\/wp-json\/wp\/v2\/types\/product"}],"replies":[{"embeddable":true,"href":"https:\/\/garofitakozmetika.hu\/en\/wp-json\/wp\/v2\/comments?post=6876"}],"version-history":[{"count":0,"href":"https:\/\/garofitakozmetika.hu\/en\/wp-json\/wp\/v2\/product\/6876\/revisions"}],"wp:featuredmedia":[{"embeddable":true,"href":"https:\/\/garofitakozmetika.hu\/en\/wp-json\/wp\/v2\/media\/6523"}],"wp:attachment":[{"href":"https:\/\/garofitakozmetika.hu\/en\/wp-json\/wp\/v2\/media?parent=6876"}],"wp:term":[{"taxonomy":"pwb-brand","embeddable":true,"href":"https:\/\/garofitakozmetika.hu\/en\/wp-json\/wp\/v2\/pwb-brand?post=6876"},{"taxonomy":"product_brand","embeddable":true,"href":"https:\/\/garofitakozmetika.hu\/en\/wp-json\/wp\/v2\/product_brand?post=6876"},{"taxonomy":"product_cat","embeddable":true,"href":"https:\/\/garofitakozmetika.hu\/en\/wp-json\/wp\/v2\/product_cat?post=6876"},{"taxonomy":"product_tag","embeddable":true,"href":"https:\/\/garofitakozmetika.hu\/en\/wp-json\/wp\/v2\/product_tag?post=6876"}],"curies":[{"name":"wp","href":"https:\/\/api.w.org\/{rel}","templated":true}]}}