{"id":6877,"date":"2024-09-25T10:21:35","date_gmt":"2024-09-25T10:21:35","guid":{"rendered":"https:\/\/larenspartner.ro\/product\/larens-dental-day-toothpaste\/"},"modified":"2024-09-25T10:21:36","modified_gmt":"2024-09-25T10:21:36","slug":"larens-dental-day-toothpaste","status":"publish","type":"product","link":"https:\/\/garofitakozmetika.hu\/en\/product\/larens-dental-day-toothpaste\/","title":{"rendered":"Larens Dental Day Toothpaste"},"content":{"rendered":"","protected":false},"excerpt":{"rendered":"<div class=\"details__short pbn ptxs spts mv0\">\n<p>Pr\u00e9mium kateg\u00f3ri\u00e1s nappali fogkr\u00e9m, a fogak, az \u00edny \u00e9s a sz\u00e1j\u00fcreg napi higi\u00e9ni\u00e1j\u00e1ra \u00e9s \u00e1pol\u00e1s\u00e1ra. Sz\u00e1mos rendk\u00edv\u00fcl koncentr\u00e1lt hat\u00f3anyagot tartalmaz, amelyek az er\u0151s \u00e9s sz\u00e9p fogak \u00e9s az eg\u00e9szs\u00e9ges fog\u00edny \u00e9rdek\u00e9ben lettek kiv\u00e1lasztva, \u00e9s melyeknek hat\u00e1s\u00e1t az eg\u00e9sz akt\u00edv nap sor\u00e1n \u00e9rt\u00e9kelni fogja.<\/p><\/p>","protected":false},"featured_media":6525,"comment_status":"open","ping_status":"closed","template":"","meta":[],"pwb-brand":[152],"product_brand":[],"product_cat":[169],"product_tag":[149,170],"class_list":{"0":"post-6877","1":"product","2":"type-product","3":"status-publish","4":"has-post-thumbnail","6":"pwb-brand-larens","7":"product_cat-szajapolas-larens-kozmeceutikumok","8":"product_tag-larens-kozmeceutikumok","9":"product_tag-szajapolas","12":"instock","13":"shipping-taxable","14":"purchasable","15":"product-type-simple","16":"product-grid-view"},"brands":[{"id":152,"name":"Larens","slug":"larens"}],"_links":{"self":[{"href":"https:\/\/garofitakozmetika.hu\/en\/wp-json\/wp\/v2\/product\/6877","targetHints":{"allow":["GET"]}}],"collection":[{"href":"https:\/\/garofitakozmetika.hu\/en\/wp-json\/wp\/v2\/product"}],"about":[{"href":"https:\/\/garofitakozmetika.hu\/en\/wp-json\/wp\/v2\/types\/product"}],"replies":[{"embeddable":true,"href":"https:\/\/garofitakozmetika.hu\/en\/wp-json\/wp\/v2\/comments?post=6877"}],"version-history":[{"count":0,"href":"https:\/\/garofitakozmetika.hu\/en\/wp-json\/wp\/v2\/product\/6877\/revisions"}],"wp:featuredmedia":[{"embeddable":true,"href":"https:\/\/garofitakozmetika.hu\/en\/wp-json\/wp\/v2\/media\/6525"}],"wp:attachment":[{"href":"https:\/\/garofitakozmetika.hu\/en\/wp-json\/wp\/v2\/media?parent=6877"}],"wp:term":[{"taxonomy":"pwb-brand","embeddable":true,"href":"https:\/\/garofitakozmetika.hu\/en\/wp-json\/wp\/v2\/pwb-brand?post=6877"},{"taxonomy":"product_brand","embeddable":true,"href":"https:\/\/garofitakozmetika.hu\/en\/wp-json\/wp\/v2\/product_brand?post=6877"},{"taxonomy":"product_cat","embeddable":true,"href":"https:\/\/garofitakozmetika.hu\/en\/wp-json\/wp\/v2\/product_cat?post=6877"},{"taxonomy":"product_tag","embeddable":true,"href":"https:\/\/garofitakozmetika.hu\/en\/wp-json\/wp\/v2\/product_tag?post=6877"}],"curies":[{"name":"wp","href":"https:\/\/api.w.org\/{rel}","templated":true}]}}