{"id":6878,"date":"2024-09-25T10:21:38","date_gmt":"2024-09-25T10:21:38","guid":{"rendered":"https:\/\/larenspartner.ro\/product\/larens-dental-night-toothpaste\/"},"modified":"2024-09-25T10:21:38","modified_gmt":"2024-09-25T10:21:38","slug":"larens-dental-night-toothpaste","status":"publish","type":"product","link":"https:\/\/garofitakozmetika.hu\/en\/product\/larens-dental-night-toothpaste\/","title":{"rendered":"Larens Dental Night Toothpaste"},"content":{"rendered":"","protected":false},"excerpt":{"rendered":"<div class=\"details__short pbn ptxs spts mv0\"> Pr\u00e9mium kateg\u00f3ri\u00e1s fogkr\u00e9m az esti higi\u00e9ni\u00e1hoz \u00e9s a fogak, az \u00edny \u00e9s a sz\u00e1j\u00fcreg \u00e1pol\u00e1s\u00e1hoz. Sz\u00e1mos rendk\u00edv\u00fcl koncentr\u00e1lt hat\u00f3anyagot tartalmaz az er\u0151s \u00e9s sz\u00e9p fogak \u00e9s eg\u00e9szs\u00e9ges fog\u00edny \u00e9rdek\u00e9ben, melyekben rejl\u0151 lehet\u0151s\u00e9gek felt\u00e1rulnak a szervezet \u00e9jszakai regener\u00e1ci\u00f3ja sor\u00e1n. Nem tartalmaz fluort.<\/p>","protected":false},"featured_media":6527,"comment_status":"open","ping_status":"closed","template":"","meta":[],"pwb-brand":[152],"product_brand":[],"product_cat":[169],"product_tag":[149,170],"class_list":{"0":"post-6878","1":"product","2":"type-product","3":"status-publish","4":"has-post-thumbnail","6":"pwb-brand-larens","7":"product_cat-szajapolas-larens-kozmeceutikumok","8":"product_tag-larens-kozmeceutikumok","9":"product_tag-szajapolas","12":"instock","13":"shipping-taxable","14":"purchasable","15":"product-type-simple","16":"product-grid-view"},"brands":[{"id":152,"name":"Larens","slug":"larens"}],"_links":{"self":[{"href":"https:\/\/garofitakozmetika.hu\/en\/wp-json\/wp\/v2\/product\/6878","targetHints":{"allow":["GET"]}}],"collection":[{"href":"https:\/\/garofitakozmetika.hu\/en\/wp-json\/wp\/v2\/product"}],"about":[{"href":"https:\/\/garofitakozmetika.hu\/en\/wp-json\/wp\/v2\/types\/product"}],"replies":[{"embeddable":true,"href":"https:\/\/garofitakozmetika.hu\/en\/wp-json\/wp\/v2\/comments?post=6878"}],"version-history":[{"count":0,"href":"https:\/\/garofitakozmetika.hu\/en\/wp-json\/wp\/v2\/product\/6878\/revisions"}],"wp:featuredmedia":[{"embeddable":true,"href":"https:\/\/garofitakozmetika.hu\/en\/wp-json\/wp\/v2\/media\/6527"}],"wp:attachment":[{"href":"https:\/\/garofitakozmetika.hu\/en\/wp-json\/wp\/v2\/media?parent=6878"}],"wp:term":[{"taxonomy":"pwb-brand","embeddable":true,"href":"https:\/\/garofitakozmetika.hu\/en\/wp-json\/wp\/v2\/pwb-brand?post=6878"},{"taxonomy":"product_brand","embeddable":true,"href":"https:\/\/garofitakozmetika.hu\/en\/wp-json\/wp\/v2\/product_brand?post=6878"},{"taxonomy":"product_cat","embeddable":true,"href":"https:\/\/garofitakozmetika.hu\/en\/wp-json\/wp\/v2\/product_cat?post=6878"},{"taxonomy":"product_tag","embeddable":true,"href":"https:\/\/garofitakozmetika.hu\/en\/wp-json\/wp\/v2\/product_tag?post=6878"}],"curies":[{"name":"wp","href":"https:\/\/api.w.org\/{rel}","templated":true}]}}