{"id":6879,"date":"2024-09-25T10:21:39","date_gmt":"2024-09-25T10:21:39","guid":{"rendered":"https:\/\/larenspartner.ro\/product\/larens-dental-day-night-toothpastes-set\/"},"modified":"2024-09-25T10:21:40","modified_gmt":"2024-09-25T10:21:40","slug":"larens-dental-day-night-toothpastes-set","status":"publish","type":"product","link":"https:\/\/garofitakozmetika.hu\/en\/product\/larens-dental-day-night-toothpastes-set\/","title":{"rendered":"Larens Dental Day &#038; Night Toothpastes Set"},"content":{"rendered":"","protected":false},"excerpt":{"rendered":"<div class=\"details__short pbn ptxs spts mv0\"> A Larens Dental Day Toothpaste \u00e9s Night Toothpaste szinergikusan egym\u00e1st kieg\u00e9sz\u00edt\u0151 pr\u00e9mium fogkr\u00e9m. K\u00fcl\u00f6nb\u00f6z\u0151 nappali \u00e9s \u00e9jszakai sz\u00e1j\u00e1pol\u00e1si ig\u00e9nyeknek megfelel\u0151en 24 \u00f3r\u00e1s v\u00e9delmet ny\u00fajt.<\/p>","protected":false},"featured_media":6529,"comment_status":"open","ping_status":"closed","template":"","meta":[],"pwb-brand":[152],"product_brand":[],"product_cat":[169],"product_tag":[149,170],"class_list":{"0":"post-6879","1":"product","2":"type-product","3":"status-publish","4":"has-post-thumbnail","6":"pwb-brand-larens","7":"product_cat-szajapolas-larens-kozmeceutikumok","8":"product_tag-larens-kozmeceutikumok","9":"product_tag-szajapolas","12":"instock","13":"shipping-taxable","14":"purchasable","15":"product-type-simple","16":"product-grid-view"},"brands":[{"id":152,"name":"Larens","slug":"larens"}],"_links":{"self":[{"href":"https:\/\/garofitakozmetika.hu\/en\/wp-json\/wp\/v2\/product\/6879","targetHints":{"allow":["GET"]}}],"collection":[{"href":"https:\/\/garofitakozmetika.hu\/en\/wp-json\/wp\/v2\/product"}],"about":[{"href":"https:\/\/garofitakozmetika.hu\/en\/wp-json\/wp\/v2\/types\/product"}],"replies":[{"embeddable":true,"href":"https:\/\/garofitakozmetika.hu\/en\/wp-json\/wp\/v2\/comments?post=6879"}],"version-history":[{"count":0,"href":"https:\/\/garofitakozmetika.hu\/en\/wp-json\/wp\/v2\/product\/6879\/revisions"}],"wp:featuredmedia":[{"embeddable":true,"href":"https:\/\/garofitakozmetika.hu\/en\/wp-json\/wp\/v2\/media\/6529"}],"wp:attachment":[{"href":"https:\/\/garofitakozmetika.hu\/en\/wp-json\/wp\/v2\/media?parent=6879"}],"wp:term":[{"taxonomy":"pwb-brand","embeddable":true,"href":"https:\/\/garofitakozmetika.hu\/en\/wp-json\/wp\/v2\/pwb-brand?post=6879"},{"taxonomy":"product_brand","embeddable":true,"href":"https:\/\/garofitakozmetika.hu\/en\/wp-json\/wp\/v2\/product_brand?post=6879"},{"taxonomy":"product_cat","embeddable":true,"href":"https:\/\/garofitakozmetika.hu\/en\/wp-json\/wp\/v2\/product_cat?post=6879"},{"taxonomy":"product_tag","embeddable":true,"href":"https:\/\/garofitakozmetika.hu\/en\/wp-json\/wp\/v2\/product_tag?post=6879"}],"curies":[{"name":"wp","href":"https:\/\/api.w.org\/{rel}","templated":true}]}}