{"id":6880,"date":"2024-09-25T10:21:51","date_gmt":"2024-09-25T10:21:51","guid":{"rendered":"https:\/\/larenspartner.ro\/product\/repair-toner\/"},"modified":"2024-09-25T10:21:52","modified_gmt":"2024-09-25T10:21:52","slug":"repair-toner","status":"publish","type":"product","link":"https:\/\/garofitakozmetika.hu\/en\/product\/repair-toner\/","title":{"rendered":"Repair+ Toner"},"content":{"rendered":"","protected":false},"excerpt":{"rendered":"<div class=\"details__short pbn ptxs spts mv0\"> Toniz\u00e1l\u00f3 \u00e9s jav\u00edt\u00f3 formula, amely helyre\u00e1ll\u00edtja a b\u0151r eg\u00e9szs\u00e9ges egyens\u00faly\u00e1t. \u00c1pol\u00f3 \u00f6sszetev\u0151inek k\u00f6sz\u00f6nhet\u0151en regener\u00e1l, hidrat\u00e1l, nyugtat \u00e9s kisim\u00edt.<\/p>","protected":false},"featured_media":6533,"comment_status":"open","ping_status":"closed","template":"","meta":[],"pwb-brand":[152],"product_brand":[],"product_cat":[173],"product_tag":[174,149],"class_list":{"0":"post-6880","1":"product","2":"type-product","3":"status-publish","4":"has-post-thumbnail","6":"pwb-brand-larens","7":"product_cat-bortisztitas-larens-kozmeceutikumok","8":"product_tag-bortisztitas","9":"product_tag-larens-kozmeceutikumok","12":"instock","13":"shipping-taxable","14":"purchasable","15":"product-type-simple","16":"product-grid-view"},"brands":[{"id":152,"name":"Larens","slug":"larens"}],"_links":{"self":[{"href":"https:\/\/garofitakozmetika.hu\/en\/wp-json\/wp\/v2\/product\/6880","targetHints":{"allow":["GET"]}}],"collection":[{"href":"https:\/\/garofitakozmetika.hu\/en\/wp-json\/wp\/v2\/product"}],"about":[{"href":"https:\/\/garofitakozmetika.hu\/en\/wp-json\/wp\/v2\/types\/product"}],"replies":[{"embeddable":true,"href":"https:\/\/garofitakozmetika.hu\/en\/wp-json\/wp\/v2\/comments?post=6880"}],"version-history":[{"count":0,"href":"https:\/\/garofitakozmetika.hu\/en\/wp-json\/wp\/v2\/product\/6880\/revisions"}],"wp:featuredmedia":[{"embeddable":true,"href":"https:\/\/garofitakozmetika.hu\/en\/wp-json\/wp\/v2\/media\/6533"}],"wp:attachment":[{"href":"https:\/\/garofitakozmetika.hu\/en\/wp-json\/wp\/v2\/media?parent=6880"}],"wp:term":[{"taxonomy":"pwb-brand","embeddable":true,"href":"https:\/\/garofitakozmetika.hu\/en\/wp-json\/wp\/v2\/pwb-brand?post=6880"},{"taxonomy":"product_brand","embeddable":true,"href":"https:\/\/garofitakozmetika.hu\/en\/wp-json\/wp\/v2\/product_brand?post=6880"},{"taxonomy":"product_cat","embeddable":true,"href":"https:\/\/garofitakozmetika.hu\/en\/wp-json\/wp\/v2\/product_cat?post=6880"},{"taxonomy":"product_tag","embeddable":true,"href":"https:\/\/garofitakozmetika.hu\/en\/wp-json\/wp\/v2\/product_tag?post=6880"}],"curies":[{"name":"wp","href":"https:\/\/api.w.org\/{rel}","templated":true}]}}