{"id":6881,"date":"2024-09-25T10:21:53","date_gmt":"2024-09-25T10:21:53","guid":{"rendered":"https:\/\/larenspartner.ro\/product\/repair-milk-apolo-tej-sminkeltavolitashoz\/"},"modified":"2024-09-25T10:21:53","modified_gmt":"2024-09-25T10:21:53","slug":"repair-milk-apolo-tej-sminkeltavolitashoz","status":"publish","type":"product","link":"https:\/\/garofitakozmetika.hu\/en\/product\/repair-milk-apolo-tej-sminkeltavolitashoz\/","title":{"rendered":"Repair+ Milk &#8211; \u00c1pol\u00f3 tej sminkelt\u00e1vol\u00edt\u00e1shoz"},"content":{"rendered":"","protected":false},"excerpt":{"rendered":"<div class=\"details__short pbn ptxs spts mv0\"> Sminklemos\u00f3 tej, akt\u00edv tiszt\u00edt\u00f3 \u00e9s jav\u00edt\u00f3 k\u00e9sz\u00edtm\u00e9ny. Tiszt\u00edt, elt\u00e1vol\u00edtja a sminket, mik\u00f6zben \u00e1polja, nyugtatja, regener\u00e1lja a b\u0151rt.<\/p>","protected":false},"featured_media":6538,"comment_status":"open","ping_status":"closed","template":"","meta":[],"pwb-brand":[152],"product_brand":[],"product_cat":[173],"product_tag":[174,149],"class_list":{"0":"post-6881","1":"product","2":"type-product","3":"status-publish","4":"has-post-thumbnail","6":"pwb-brand-larens","7":"product_cat-bortisztitas-larens-kozmeceutikumok","8":"product_tag-bortisztitas","9":"product_tag-larens-kozmeceutikumok","12":"instock","13":"shipping-taxable","14":"purchasable","15":"product-type-simple","16":"product-grid-view"},"brands":[{"id":152,"name":"Larens","slug":"larens"}],"_links":{"self":[{"href":"https:\/\/garofitakozmetika.hu\/en\/wp-json\/wp\/v2\/product\/6881","targetHints":{"allow":["GET"]}}],"collection":[{"href":"https:\/\/garofitakozmetika.hu\/en\/wp-json\/wp\/v2\/product"}],"about":[{"href":"https:\/\/garofitakozmetika.hu\/en\/wp-json\/wp\/v2\/types\/product"}],"replies":[{"embeddable":true,"href":"https:\/\/garofitakozmetika.hu\/en\/wp-json\/wp\/v2\/comments?post=6881"}],"version-history":[{"count":0,"href":"https:\/\/garofitakozmetika.hu\/en\/wp-json\/wp\/v2\/product\/6881\/revisions"}],"wp:featuredmedia":[{"embeddable":true,"href":"https:\/\/garofitakozmetika.hu\/en\/wp-json\/wp\/v2\/media\/6538"}],"wp:attachment":[{"href":"https:\/\/garofitakozmetika.hu\/en\/wp-json\/wp\/v2\/media?parent=6881"}],"wp:term":[{"taxonomy":"pwb-brand","embeddable":true,"href":"https:\/\/garofitakozmetika.hu\/en\/wp-json\/wp\/v2\/pwb-brand?post=6881"},{"taxonomy":"product_brand","embeddable":true,"href":"https:\/\/garofitakozmetika.hu\/en\/wp-json\/wp\/v2\/product_brand?post=6881"},{"taxonomy":"product_cat","embeddable":true,"href":"https:\/\/garofitakozmetika.hu\/en\/wp-json\/wp\/v2\/product_cat?post=6881"},{"taxonomy":"product_tag","embeddable":true,"href":"https:\/\/garofitakozmetika.hu\/en\/wp-json\/wp\/v2\/product_tag?post=6881"}],"curies":[{"name":"wp","href":"https:\/\/api.w.org\/{rel}","templated":true}]}}