{"id":6882,"date":"2024-09-25T10:21:57","date_gmt":"2024-09-25T10:21:57","guid":{"rendered":"https:\/\/larenspartner.ro\/product\/micellar-lotion-200-ml-peptid-micellas-folyadek-sminkeltavolitashoz-es-bortisztitashoz\/"},"modified":"2024-09-25T10:21:57","modified_gmt":"2024-09-25T10:21:57","slug":"micellar-lotion-200-ml-peptid-micellas-folyadek-sminkeltavolitashoz-es-bortisztitashoz","status":"publish","type":"product","link":"https:\/\/garofitakozmetika.hu\/en\/product\/micellar-lotion-200-ml-peptid-micellas-folyadek-sminkeltavolitashoz-es-bortisztitashoz\/","title":{"rendered":"Micellar Lotion 200 ml &#8211; Peptid micell\u00e1s folyad\u00e9k sminkelt\u00e1vol\u00edt\u00e1shoz \u00e9s b\u0151rtiszt\u00edt\u00e1shoz"},"content":{"rendered":"","protected":false},"excerpt":{"rendered":"<div class=\"details__short pbn ptxs spts mv0\"> Gyeng\u00e9d peptid micell\u00e1s folyad\u00e9k a szemsmink elt\u00e1vol\u00edt\u00e1s\u00e1hoz \u00e9s az arc tiszt\u00edt\u00e1s\u00e1hoz. A kozmetikum speci\u00e1lis formul\u00e1ja m\u00e1r a tiszt\u00edt\u00e1st\u00f3l kezdve optim\u00e1lis b\u0151r\u00e1pol\u00e1st biztos\u00edt.<\/p>","protected":false},"featured_media":6543,"comment_status":"open","ping_status":"closed","template":"","meta":[],"pwb-brand":[152],"product_brand":[],"product_cat":[173],"product_tag":[174,149],"class_list":{"0":"post-6882","1":"product","2":"type-product","3":"status-publish","4":"has-post-thumbnail","6":"pwb-brand-larens","7":"product_cat-bortisztitas-larens-kozmeceutikumok","8":"product_tag-bortisztitas","9":"product_tag-larens-kozmeceutikumok","12":"instock","13":"shipping-taxable","14":"purchasable","15":"product-type-simple","16":"product-grid-view"},"brands":[{"id":152,"name":"Larens","slug":"larens"}],"_links":{"self":[{"href":"https:\/\/garofitakozmetika.hu\/en\/wp-json\/wp\/v2\/product\/6882","targetHints":{"allow":["GET"]}}],"collection":[{"href":"https:\/\/garofitakozmetika.hu\/en\/wp-json\/wp\/v2\/product"}],"about":[{"href":"https:\/\/garofitakozmetika.hu\/en\/wp-json\/wp\/v2\/types\/product"}],"replies":[{"embeddable":true,"href":"https:\/\/garofitakozmetika.hu\/en\/wp-json\/wp\/v2\/comments?post=6882"}],"version-history":[{"count":0,"href":"https:\/\/garofitakozmetika.hu\/en\/wp-json\/wp\/v2\/product\/6882\/revisions"}],"wp:featuredmedia":[{"embeddable":true,"href":"https:\/\/garofitakozmetika.hu\/en\/wp-json\/wp\/v2\/media\/6543"}],"wp:attachment":[{"href":"https:\/\/garofitakozmetika.hu\/en\/wp-json\/wp\/v2\/media?parent=6882"}],"wp:term":[{"taxonomy":"pwb-brand","embeddable":true,"href":"https:\/\/garofitakozmetika.hu\/en\/wp-json\/wp\/v2\/pwb-brand?post=6882"},{"taxonomy":"product_brand","embeddable":true,"href":"https:\/\/garofitakozmetika.hu\/en\/wp-json\/wp\/v2\/product_brand?post=6882"},{"taxonomy":"product_cat","embeddable":true,"href":"https:\/\/garofitakozmetika.hu\/en\/wp-json\/wp\/v2\/product_cat?post=6882"},{"taxonomy":"product_tag","embeddable":true,"href":"https:\/\/garofitakozmetika.hu\/en\/wp-json\/wp\/v2\/product_tag?post=6882"}],"curies":[{"name":"wp","href":"https:\/\/api.w.org\/{rel}","templated":true}]}}