{"id":6883,"date":"2024-09-25T10:22:00","date_gmt":"2024-09-25T10:22:00","guid":{"rendered":"https:\/\/larenspartner.ro\/product\/collagen-lip-balm-new-formula-apolo-es-vedo-ruzs-hal-kollagen-peptidekkel\/"},"modified":"2024-09-25T10:22:00","modified_gmt":"2024-09-25T10:22:00","slug":"collagen-lip-balm-new-formula-apolo-es-vedo-ruzs-hal-kollagen-peptidekkel","status":"publish","type":"product","link":"https:\/\/garofitakozmetika.hu\/en\/product\/collagen-lip-balm-new-formula-apolo-es-vedo-ruzs-hal-kollagen-peptidekkel\/","title":{"rendered":"Collagen Lip Balm New Formula &#8211; \u00c1pol\u00f3- \u00e9s v\u00e9d\u0151 r\u00fazs hal kollag\u00e9n peptidekkel"},"content":{"rendered":"","protected":false},"excerpt":{"rendered":"<div class=\"details__short pbn ptxs spts mv0\"> T\u00e1pl\u00e1l\u00f3 \u00e9s regener\u00e1l\u00f3, v\u00e9d\u0151 ajakbalzsam r\u00fazs form\u00e1j\u00e1ban. Az ikonikus r\u00fazs friss\u00edtett formul\u00e1ja halkollag\u00e9n peptidekkel, term\u00e9szetes olajokkal \u00e9s n\u00f6v\u00e9nyi viaszokkal. Hidrat\u00e1lja, olajozza, t\u00e1pl\u00e1lja \u00e9s v\u00e9di az ajkak finom b\u0151r\u00e9t.<\/p>","protected":false},"featured_media":6548,"comment_status":"open","ping_status":"closed","template":"","meta":[],"pwb-brand":[152],"product_brand":[],"product_cat":[175],"product_tag":[176,149],"class_list":{"0":"post-6883","1":"product","2":"type-product","3":"status-publish","4":"has-post-thumbnail","6":"pwb-brand-larens","7":"product_cat-fiatalok-szamara","8":"product_tag-fiatalok-szamara","9":"product_tag-larens-kozmeceutikumok","12":"instock","13":"shipping-taxable","14":"purchasable","15":"product-type-simple","16":"product-grid-view"},"brands":[{"id":152,"name":"Larens","slug":"larens"}],"_links":{"self":[{"href":"https:\/\/garofitakozmetika.hu\/en\/wp-json\/wp\/v2\/product\/6883","targetHints":{"allow":["GET"]}}],"collection":[{"href":"https:\/\/garofitakozmetika.hu\/en\/wp-json\/wp\/v2\/product"}],"about":[{"href":"https:\/\/garofitakozmetika.hu\/en\/wp-json\/wp\/v2\/types\/product"}],"replies":[{"embeddable":true,"href":"https:\/\/garofitakozmetika.hu\/en\/wp-json\/wp\/v2\/comments?post=6883"}],"version-history":[{"count":0,"href":"https:\/\/garofitakozmetika.hu\/en\/wp-json\/wp\/v2\/product\/6883\/revisions"}],"wp:featuredmedia":[{"embeddable":true,"href":"https:\/\/garofitakozmetika.hu\/en\/wp-json\/wp\/v2\/media\/6548"}],"wp:attachment":[{"href":"https:\/\/garofitakozmetika.hu\/en\/wp-json\/wp\/v2\/media?parent=6883"}],"wp:term":[{"taxonomy":"pwb-brand","embeddable":true,"href":"https:\/\/garofitakozmetika.hu\/en\/wp-json\/wp\/v2\/pwb-brand?post=6883"},{"taxonomy":"product_brand","embeddable":true,"href":"https:\/\/garofitakozmetika.hu\/en\/wp-json\/wp\/v2\/product_brand?post=6883"},{"taxonomy":"product_cat","embeddable":true,"href":"https:\/\/garofitakozmetika.hu\/en\/wp-json\/wp\/v2\/product_cat?post=6883"},{"taxonomy":"product_tag","embeddable":true,"href":"https:\/\/garofitakozmetika.hu\/en\/wp-json\/wp\/v2\/product_tag?post=6883"}],"curies":[{"name":"wp","href":"https:\/\/api.w.org\/{rel}","templated":true}]}}