{"id":6886,"date":"2024-09-25T10:22:56","date_gmt":"2024-09-25T10:22:56","guid":{"rendered":"https:\/\/larenspartner.ro\/product\/larens-colour-liquid-lipstick-ket-szinu-matt-folyekony-ruzs-keszlet\/"},"modified":"2024-09-25T10:22:56","modified_gmt":"2024-09-25T10:22:56","slug":"larens-colour-liquid-lipstick-ket-szinu-matt-folyekony-ruzs-keszlet","status":"publish","type":"product","link":"https:\/\/garofitakozmetika.hu\/en\/product\/larens-colour-liquid-lipstick-ket-szinu-matt-folyekony-ruzs-keszlet\/","title":{"rendered":"Larens Colour Liquid Lipstick &#8211; K\u00e9t sz\u00edn\u0171 matt foly\u00e9kony r\u00fazs k\u00e9szlet"},"content":{"rendered":"","protected":false},"excerpt":{"rendered":"<div class=\"details__short pbn ptxs spts mv0\"> Foly\u00e9kony r\u00fazs matt fel\u00fclettel \u00e9s meghosszabb\u00edtott tart\u00f3ss\u00e1ggal. Meghat\u00e1rozza az ajkak form\u00e1j\u00e1t a prec\u00edz applik\u00e1tornak \u00e9s a sz\u00ednnel tel\u00edtett pigmenteknek k\u00f6sz\u00f6nhet\u0151en.<\/p>","protected":false},"featured_media":6562,"comment_status":"open","ping_status":"closed","template":"","meta":[],"pwb-brand":[191],"product_brand":[],"product_cat":[188],"product_tag":[189,190],"class_list":{"0":"post-6886","1":"product","2":"type-product","3":"status-publish","4":"has-post-thumbnail","6":"pwb-brand-larens-colour","7":"product_cat-smink-kozmetikumok-make-up-larens-colour","8":"product_tag-make-up-larens-colour","9":"product_tag-smink-kozmetikumok","12":"instock","13":"shipping-taxable","14":"purchasable","15":"product-type-simple","16":"product-grid-view"},"brands":[{"id":191,"name":"Larens Colour","slug":"larens-colour"}],"_links":{"self":[{"href":"https:\/\/garofitakozmetika.hu\/en\/wp-json\/wp\/v2\/product\/6886","targetHints":{"allow":["GET"]}}],"collection":[{"href":"https:\/\/garofitakozmetika.hu\/en\/wp-json\/wp\/v2\/product"}],"about":[{"href":"https:\/\/garofitakozmetika.hu\/en\/wp-json\/wp\/v2\/types\/product"}],"replies":[{"embeddable":true,"href":"https:\/\/garofitakozmetika.hu\/en\/wp-json\/wp\/v2\/comments?post=6886"}],"version-history":[{"count":0,"href":"https:\/\/garofitakozmetika.hu\/en\/wp-json\/wp\/v2\/product\/6886\/revisions"}],"wp:featuredmedia":[{"embeddable":true,"href":"https:\/\/garofitakozmetika.hu\/en\/wp-json\/wp\/v2\/media\/6562"}],"wp:attachment":[{"href":"https:\/\/garofitakozmetika.hu\/en\/wp-json\/wp\/v2\/media?parent=6886"}],"wp:term":[{"taxonomy":"pwb-brand","embeddable":true,"href":"https:\/\/garofitakozmetika.hu\/en\/wp-json\/wp\/v2\/pwb-brand?post=6886"},{"taxonomy":"product_brand","embeddable":true,"href":"https:\/\/garofitakozmetika.hu\/en\/wp-json\/wp\/v2\/product_brand?post=6886"},{"taxonomy":"product_cat","embeddable":true,"href":"https:\/\/garofitakozmetika.hu\/en\/wp-json\/wp\/v2\/product_cat?post=6886"},{"taxonomy":"product_tag","embeddable":true,"href":"https:\/\/garofitakozmetika.hu\/en\/wp-json\/wp\/v2\/product_tag?post=6886"}],"curies":[{"name":"wp","href":"https:\/\/api.w.org\/{rel}","templated":true}]}}