{"id":6888,"date":"2024-09-25T10:22:59","date_gmt":"2024-09-25T10:22:59","guid":{"rendered":"https:\/\/larenspartner.ro\/product\/puder-ecset\/"},"modified":"2024-09-25T10:22:59","modified_gmt":"2024-09-25T10:22:59","slug":"puder-ecset","status":"publish","type":"product","link":"https:\/\/garofitakozmetika.hu\/en\/product\/puder-ecset\/","title":{"rendered":"P\u00fader ecset"},"content":{"rendered":"","protected":false},"excerpt":{"rendered":"<div class=\"details__short pbn ptxs spts mv0\"> G\u00f6mb alak\u00fa, t\u00f6k\u00e9letes puder felvitel\u00e9hez. Feh\u00e9r szintetikus s\u00f6rt\u00e9k, amelyek t\u00f6k\u00e9letesen ut\u00e1nozz\u00e1k a kecskesz\u0151rt, mind megjelen\u00e9s\u00fckben, mind hat\u00e1sukban.<\/p>","protected":false},"featured_media":6615,"comment_status":"open","ping_status":"closed","template":"","meta":[],"pwb-brand":[191],"product_brand":[],"product_cat":[193],"product_tag":[189,195,194],"class_list":{"0":"post-6888","1":"product","2":"type-product","3":"status-publish","4":"has-post-thumbnail","6":"pwb-brand-larens-colour","7":"product_cat-smink-ecsetek","8":"product_tag-make-up-larens-colour","9":"product_tag-smink-ecsetek","10":"product_tag-smink-kiegeszitok","13":"instock","14":"shipping-taxable","15":"purchasable","16":"product-type-simple","17":"product-grid-view"},"brands":[{"id":191,"name":"Larens Colour","slug":"larens-colour"}],"_links":{"self":[{"href":"https:\/\/garofitakozmetika.hu\/en\/wp-json\/wp\/v2\/product\/6888","targetHints":{"allow":["GET"]}}],"collection":[{"href":"https:\/\/garofitakozmetika.hu\/en\/wp-json\/wp\/v2\/product"}],"about":[{"href":"https:\/\/garofitakozmetika.hu\/en\/wp-json\/wp\/v2\/types\/product"}],"replies":[{"embeddable":true,"href":"https:\/\/garofitakozmetika.hu\/en\/wp-json\/wp\/v2\/comments?post=6888"}],"version-history":[{"count":0,"href":"https:\/\/garofitakozmetika.hu\/en\/wp-json\/wp\/v2\/product\/6888\/revisions"}],"wp:featuredmedia":[{"embeddable":true,"href":"https:\/\/garofitakozmetika.hu\/en\/wp-json\/wp\/v2\/media\/6615"}],"wp:attachment":[{"href":"https:\/\/garofitakozmetika.hu\/en\/wp-json\/wp\/v2\/media?parent=6888"}],"wp:term":[{"taxonomy":"pwb-brand","embeddable":true,"href":"https:\/\/garofitakozmetika.hu\/en\/wp-json\/wp\/v2\/pwb-brand?post=6888"},{"taxonomy":"product_brand","embeddable":true,"href":"https:\/\/garofitakozmetika.hu\/en\/wp-json\/wp\/v2\/product_brand?post=6888"},{"taxonomy":"product_cat","embeddable":true,"href":"https:\/\/garofitakozmetika.hu\/en\/wp-json\/wp\/v2\/product_cat?post=6888"},{"taxonomy":"product_tag","embeddable":true,"href":"https:\/\/garofitakozmetika.hu\/en\/wp-json\/wp\/v2\/product_tag?post=6888"}],"curies":[{"name":"wp","href":"https:\/\/api.w.org\/{rel}","templated":true}]}}