{"id":6890,"date":"2024-09-25T10:23:02","date_gmt":"2024-09-25T10:23:02","guid":{"rendered":"https:\/\/larenspartner.ro\/product\/szemceruza-ecset\/"},"modified":"2024-09-25T10:23:02","modified_gmt":"2024-09-25T10:23:02","slug":"szemceruza-ecset","status":"publish","type":"product","link":"https:\/\/garofitakozmetika.hu\/en\/product\/szemceruza-ecset\/","title":{"rendered":"Szemceruza ecset"},"content":{"rendered":"","protected":false},"excerpt":{"rendered":"<div class=\"details__short pbn ptxs spts mv0\"> Kis ecset ferde szintetikus s\u00f6rt\u00e9kkel. A pontoss\u00e1g \u00e9s a r\u00e9szletess\u00e9g mestere. A szem\u00f6ld\u00f6kvonal kiemel\u00e9s\u00e9re vagy megalkot\u00e1s\u00e1ra k\u00e9sz\u00fclt. Optim\u00e1lisan rugalmas, t\u00f6k\u00e9letes a szemceruza vonal vagy a szempillavonal f\u00f6l\u00f6tti \u00e1rny\u00e9k megrajzol\u00e1s\u00e1hoz.<\/p>","protected":false},"featured_media":6620,"comment_status":"open","ping_status":"closed","template":"","meta":[],"pwb-brand":[191],"product_brand":[],"product_cat":[193],"product_tag":[189,195,194],"class_list":{"0":"post-6890","1":"product","2":"type-product","3":"status-publish","4":"has-post-thumbnail","6":"pwb-brand-larens-colour","7":"product_cat-smink-ecsetek","8":"product_tag-make-up-larens-colour","9":"product_tag-smink-ecsetek","10":"product_tag-smink-kiegeszitok","13":"instock","14":"shipping-taxable","15":"purchasable","16":"product-type-simple","17":"product-grid-view"},"brands":[{"id":191,"name":"Larens Colour","slug":"larens-colour"}],"_links":{"self":[{"href":"https:\/\/garofitakozmetika.hu\/en\/wp-json\/wp\/v2\/product\/6890","targetHints":{"allow":["GET"]}}],"collection":[{"href":"https:\/\/garofitakozmetika.hu\/en\/wp-json\/wp\/v2\/product"}],"about":[{"href":"https:\/\/garofitakozmetika.hu\/en\/wp-json\/wp\/v2\/types\/product"}],"replies":[{"embeddable":true,"href":"https:\/\/garofitakozmetika.hu\/en\/wp-json\/wp\/v2\/comments?post=6890"}],"version-history":[{"count":0,"href":"https:\/\/garofitakozmetika.hu\/en\/wp-json\/wp\/v2\/product\/6890\/revisions"}],"wp:featuredmedia":[{"embeddable":true,"href":"https:\/\/garofitakozmetika.hu\/en\/wp-json\/wp\/v2\/media\/6620"}],"wp:attachment":[{"href":"https:\/\/garofitakozmetika.hu\/en\/wp-json\/wp\/v2\/media?parent=6890"}],"wp:term":[{"taxonomy":"pwb-brand","embeddable":true,"href":"https:\/\/garofitakozmetika.hu\/en\/wp-json\/wp\/v2\/pwb-brand?post=6890"},{"taxonomy":"product_brand","embeddable":true,"href":"https:\/\/garofitakozmetika.hu\/en\/wp-json\/wp\/v2\/product_brand?post=6890"},{"taxonomy":"product_cat","embeddable":true,"href":"https:\/\/garofitakozmetika.hu\/en\/wp-json\/wp\/v2\/product_cat?post=6890"},{"taxonomy":"product_tag","embeddable":true,"href":"https:\/\/garofitakozmetika.hu\/en\/wp-json\/wp\/v2\/product_tag?post=6890"}],"curies":[{"name":"wp","href":"https:\/\/api.w.org\/{rel}","templated":true}]}}