{"id":6891,"date":"2024-09-25T10:23:05","date_gmt":"2024-09-25T10:23:05","guid":{"rendered":"https:\/\/larenspartner.ro\/product\/pirosito-ecset\/"},"modified":"2024-09-25T10:23:05","modified_gmt":"2024-09-25T10:23:05","slug":"pirosito-ecset","status":"publish","type":"product","link":"https:\/\/garofitakozmetika.hu\/en\/product\/pirosito-ecset\/","title":{"rendered":"Piros\u00edt\u00f3 ecset"},"content":{"rendered":"","protected":false},"excerpt":{"rendered":"<div class=\"details__short pbn ptxs spts mv0\"> Lapos, bolyhos, nyelv alak\u00fa. T\u00f6k\u00e9letes piros\u00edt\u00f3, kiemel\u0151 \u00e9s bronzos\u00edt\u00f3 felvitel\u00e9hez. Kiv\u00e1l\u00f3 min\u0151s\u00e9g\u0171, h\u00e1romsz\u00edn\u0171 szintetikus s\u00f6rt\u00e9k, megjelen\u00e9s\u00fckben \u00e9s hat\u00e1sukban egyar\u00e1nt a kecskesz\u0151rt ut\u00e1nozz\u00e1k.<\/p>","protected":false},"featured_media":6622,"comment_status":"open","ping_status":"closed","template":"","meta":[],"pwb-brand":[191],"product_brand":[],"product_cat":[193],"product_tag":[189,195,194],"class_list":{"0":"post-6891","1":"product","2":"type-product","3":"status-publish","4":"has-post-thumbnail","6":"pwb-brand-larens-colour","7":"product_cat-smink-ecsetek","8":"product_tag-make-up-larens-colour","9":"product_tag-smink-ecsetek","10":"product_tag-smink-kiegeszitok","13":"instock","14":"shipping-taxable","15":"purchasable","16":"product-type-simple","17":"product-grid-view"},"brands":[{"id":191,"name":"Larens Colour","slug":"larens-colour"}],"_links":{"self":[{"href":"https:\/\/garofitakozmetika.hu\/en\/wp-json\/wp\/v2\/product\/6891","targetHints":{"allow":["GET"]}}],"collection":[{"href":"https:\/\/garofitakozmetika.hu\/en\/wp-json\/wp\/v2\/product"}],"about":[{"href":"https:\/\/garofitakozmetika.hu\/en\/wp-json\/wp\/v2\/types\/product"}],"replies":[{"embeddable":true,"href":"https:\/\/garofitakozmetika.hu\/en\/wp-json\/wp\/v2\/comments?post=6891"}],"version-history":[{"count":0,"href":"https:\/\/garofitakozmetika.hu\/en\/wp-json\/wp\/v2\/product\/6891\/revisions"}],"wp:featuredmedia":[{"embeddable":true,"href":"https:\/\/garofitakozmetika.hu\/en\/wp-json\/wp\/v2\/media\/6622"}],"wp:attachment":[{"href":"https:\/\/garofitakozmetika.hu\/en\/wp-json\/wp\/v2\/media?parent=6891"}],"wp:term":[{"taxonomy":"pwb-brand","embeddable":true,"href":"https:\/\/garofitakozmetika.hu\/en\/wp-json\/wp\/v2\/pwb-brand?post=6891"},{"taxonomy":"product_brand","embeddable":true,"href":"https:\/\/garofitakozmetika.hu\/en\/wp-json\/wp\/v2\/product_brand?post=6891"},{"taxonomy":"product_cat","embeddable":true,"href":"https:\/\/garofitakozmetika.hu\/en\/wp-json\/wp\/v2\/product_cat?post=6891"},{"taxonomy":"product_tag","embeddable":true,"href":"https:\/\/garofitakozmetika.hu\/en\/wp-json\/wp\/v2\/product_tag?post=6891"}],"curies":[{"name":"wp","href":"https:\/\/api.w.org\/{rel}","templated":true}]}}