{"id":6893,"date":"2024-09-25T10:23:09","date_gmt":"2024-09-25T10:23:09","guid":{"rendered":"https:\/\/larenspartner.ro\/product\/szemhejfestek-ecset\/"},"modified":"2024-09-25T10:23:09","modified_gmt":"2024-09-25T10:23:09","slug":"szemhejfestek-ecset","status":"publish","type":"product","link":"https:\/\/garofitakozmetika.hu\/en\/product\/szemhejfestek-ecset\/","title":{"rendered":"Szemh\u00e9jfest\u00e9k ecset"},"content":{"rendered":"","protected":false},"excerpt":{"rendered":"<div class=\"details__short pbn ptxs spts mv0\"> Lapos ecset elken\u00e9si funkci\u00f3val, szemh\u00e9jfest\u00e9k felvitel\u00e9re. Nagyon j\u00f3 min\u0151s\u00e9g\u0171, k\u00e9zzel v\u00e1logatott, sz\u00edntelen kecskesz\u0151rb\u0151l k\u00e9sz\u00fclt.<\/p>","protected":false},"featured_media":6627,"comment_status":"open","ping_status":"closed","template":"","meta":[],"pwb-brand":[191],"product_brand":[],"product_cat":[193],"product_tag":[189,195,194],"class_list":{"0":"post-6893","1":"product","2":"type-product","3":"status-publish","4":"has-post-thumbnail","6":"pwb-brand-larens-colour","7":"product_cat-smink-ecsetek","8":"product_tag-make-up-larens-colour","9":"product_tag-smink-ecsetek","10":"product_tag-smink-kiegeszitok","13":"instock","14":"shipping-taxable","15":"purchasable","16":"product-type-simple","17":"product-grid-view"},"brands":[{"id":191,"name":"Larens Colour","slug":"larens-colour"}],"_links":{"self":[{"href":"https:\/\/garofitakozmetika.hu\/en\/wp-json\/wp\/v2\/product\/6893","targetHints":{"allow":["GET"]}}],"collection":[{"href":"https:\/\/garofitakozmetika.hu\/en\/wp-json\/wp\/v2\/product"}],"about":[{"href":"https:\/\/garofitakozmetika.hu\/en\/wp-json\/wp\/v2\/types\/product"}],"replies":[{"embeddable":true,"href":"https:\/\/garofitakozmetika.hu\/en\/wp-json\/wp\/v2\/comments?post=6893"}],"version-history":[{"count":0,"href":"https:\/\/garofitakozmetika.hu\/en\/wp-json\/wp\/v2\/product\/6893\/revisions"}],"wp:featuredmedia":[{"embeddable":true,"href":"https:\/\/garofitakozmetika.hu\/en\/wp-json\/wp\/v2\/media\/6627"}],"wp:attachment":[{"href":"https:\/\/garofitakozmetika.hu\/en\/wp-json\/wp\/v2\/media?parent=6893"}],"wp:term":[{"taxonomy":"pwb-brand","embeddable":true,"href":"https:\/\/garofitakozmetika.hu\/en\/wp-json\/wp\/v2\/pwb-brand?post=6893"},{"taxonomy":"product_brand","embeddable":true,"href":"https:\/\/garofitakozmetika.hu\/en\/wp-json\/wp\/v2\/product_brand?post=6893"},{"taxonomy":"product_cat","embeddable":true,"href":"https:\/\/garofitakozmetika.hu\/en\/wp-json\/wp\/v2\/product_cat?post=6893"},{"taxonomy":"product_tag","embeddable":true,"href":"https:\/\/garofitakozmetika.hu\/en\/wp-json\/wp\/v2\/product_tag?post=6893"}],"curies":[{"name":"wp","href":"https:\/\/api.w.org\/{rel}","templated":true}]}}