{"id":6902,"date":"2024-09-25T10:23:23","date_gmt":"2024-09-25T10:23:23","guid":{"rendered":"https:\/\/larenspartner.ro\/product\/nutrivi-detox-up-tobb-osszetevobol-allo-zold-meregtelenito-es-tisztito-koktel\/"},"modified":"2024-09-25T10:23:24","modified_gmt":"2024-09-25T10:23:24","slug":"nutrivi-detox-up-tobb-osszetevobol-allo-zold-meregtelenito-es-tisztito-koktel","status":"publish","type":"product","link":"https:\/\/garofitakozmetika.hu\/en\/product\/nutrivi-detox-up-tobb-osszetevobol-allo-zold-meregtelenito-es-tisztito-koktel\/","title":{"rendered":"Nutrivi Detox UP &#8211; T\u00f6bb \u00f6sszetev\u0151b\u0151l \u00e1ll\u00f3 z\u00f6ld m\u00e9regtelen\u00edt\u0151 \u00e9s tiszt\u00edt\u00f3 kokt\u00e9l"},"content":{"rendered":"","protected":false},"excerpt":{"rendered":"<div class=\"details__short pbn ptxs spts mv0\"> V\u00edzben feloldand\u00f3 \u00e9trend-kieg\u00e9sz\u00edt\u0151 z\u00f6ld turmix form\u00e1j\u00e1ban. T\u00e1mogatja a szervezet m\u00e9reganyagokt\u00f3l val\u00f3 megtiszt\u00edt\u00e1s\u00e1t, t\u00e1mogatja a szervezetet a fogy\u00e1s folyamat\u00e1ban, k\u00f6nnyeds\u00e9get ad a testnek. \u00c9rt\u00e9kes antioxid\u00e1ns, \u00e1sv\u00e1nyi anyagokat, vitaliz\u00e1l\u00f3 \u00f6sszetev\u0151ket biztos\u00edt.<\/p>","protected":false},"featured_media":6649,"comment_status":"open","ping_status":"closed","template":"","meta":[],"pwb-brand":[206],"product_brand":[],"product_cat":[202],"product_tag":[204,203,205],"class_list":{"0":"post-6902","1":"product","2":"type-product","3":"status-publish","4":"has-post-thumbnail","6":"pwb-brand-nutrivi","7":"product_cat-haj-es-korom","8":"product_tag-bor","9":"product_tag-etrend-kiegeszitok-nutrivi","10":"product_tag-haj-es-korom","13":"instock","14":"shipping-taxable","15":"purchasable","16":"product-type-simple","17":"product-grid-view"},"brands":[{"id":206,"name":"Nutrivi","slug":"nutrivi"}],"_links":{"self":[{"href":"https:\/\/garofitakozmetika.hu\/en\/wp-json\/wp\/v2\/product\/6902","targetHints":{"allow":["GET"]}}],"collection":[{"href":"https:\/\/garofitakozmetika.hu\/en\/wp-json\/wp\/v2\/product"}],"about":[{"href":"https:\/\/garofitakozmetika.hu\/en\/wp-json\/wp\/v2\/types\/product"}],"replies":[{"embeddable":true,"href":"https:\/\/garofitakozmetika.hu\/en\/wp-json\/wp\/v2\/comments?post=6902"}],"version-history":[{"count":0,"href":"https:\/\/garofitakozmetika.hu\/en\/wp-json\/wp\/v2\/product\/6902\/revisions"}],"wp:featuredmedia":[{"embeddable":true,"href":"https:\/\/garofitakozmetika.hu\/en\/wp-json\/wp\/v2\/media\/6649"}],"wp:attachment":[{"href":"https:\/\/garofitakozmetika.hu\/en\/wp-json\/wp\/v2\/media?parent=6902"}],"wp:term":[{"taxonomy":"pwb-brand","embeddable":true,"href":"https:\/\/garofitakozmetika.hu\/en\/wp-json\/wp\/v2\/pwb-brand?post=6902"},{"taxonomy":"product_brand","embeddable":true,"href":"https:\/\/garofitakozmetika.hu\/en\/wp-json\/wp\/v2\/product_brand?post=6902"},{"taxonomy":"product_cat","embeddable":true,"href":"https:\/\/garofitakozmetika.hu\/en\/wp-json\/wp\/v2\/product_cat?post=6902"},{"taxonomy":"product_tag","embeddable":true,"href":"https:\/\/garofitakozmetika.hu\/en\/wp-json\/wp\/v2\/product_tag?post=6902"}],"curies":[{"name":"wp","href":"https:\/\/api.w.org\/{rel}","templated":true}]}}