{"id":6903,"date":"2024-09-25T10:23:26","date_gmt":"2024-09-25T10:23:26","guid":{"rendered":"https:\/\/larenspartner.ro\/product\/physio-sport-peptide-complex-peptid-ital-tasakokban-fittseg-es-regeneracio-rehabilitacio-tamogatasa\/"},"modified":"2024-09-25T10:23:26","modified_gmt":"2024-09-25T10:23:26","slug":"physio-sport-peptide-complex-peptid-ital-tasakokban-fittseg-es-regeneracio-rehabilitacio-tamogatasa","status":"publish","type":"product","link":"https:\/\/garofitakozmetika.hu\/en\/product\/physio-sport-peptide-complex-peptid-ital-tasakokban-fittseg-es-regeneracio-rehabilitacio-tamogatasa\/","title":{"rendered":"Physio Sport Peptide Complex &#8211; Peptid ital tasakokban &#8211; fitts\u00e9g \u00e9s regener\u00e1ci\u00f3, rehabilit\u00e1ci\u00f3 t\u00e1mogat\u00e1sa"},"content":{"rendered":"","protected":false},"excerpt":{"rendered":"<div class=\"details__short pbn ptxs spts mv0\"> Egyed\u00fcl\u00e1ll\u00f3 peptidital. Adagonk\u00e9nt ak\u00e1r 650 mg fagyasztva sz\u00e1r\u00edtott hal kollag\u00e9nt tartalmaz\u00f3 komplex, kiv\u00e1lasztott hat\u00f3anyagokkal kieg\u00e9sz\u00edtve. V\u00edzben feloldhat\u00f3 \u00e9trend-kieg\u00e9sz\u00edt\u0151, a mozg\u00e1sszervek \u00e1llapot\u00e1nak t\u00e1mogat\u00e1s\u00e1ra, s\u00e9r\u00fcl\u00e9sek ut\u00e1ni regener\u00e1l\u00f3d\u00e1sban, valamint a sz\u00e9p b\u0151r\u00e9rt, haj\u00e9rt \u00e9s k\u00f6r\u00f6m\u00e9rt.<\/p>","protected":false},"featured_media":6653,"comment_status":"open","ping_status":"closed","template":"","meta":[],"pwb-brand":[206],"product_brand":[],"product_cat":[202],"product_tag":[204,203,205],"class_list":{"0":"post-6903","1":"product","2":"type-product","3":"status-publish","4":"has-post-thumbnail","6":"pwb-brand-nutrivi","7":"product_cat-haj-es-korom","8":"product_tag-bor","9":"product_tag-etrend-kiegeszitok-nutrivi","10":"product_tag-haj-es-korom","13":"instock","14":"shipping-taxable","15":"purchasable","16":"product-type-simple","17":"product-grid-view"},"brands":[{"id":206,"name":"Nutrivi","slug":"nutrivi"}],"_links":{"self":[{"href":"https:\/\/garofitakozmetika.hu\/en\/wp-json\/wp\/v2\/product\/6903","targetHints":{"allow":["GET"]}}],"collection":[{"href":"https:\/\/garofitakozmetika.hu\/en\/wp-json\/wp\/v2\/product"}],"about":[{"href":"https:\/\/garofitakozmetika.hu\/en\/wp-json\/wp\/v2\/types\/product"}],"replies":[{"embeddable":true,"href":"https:\/\/garofitakozmetika.hu\/en\/wp-json\/wp\/v2\/comments?post=6903"}],"version-history":[{"count":0,"href":"https:\/\/garofitakozmetika.hu\/en\/wp-json\/wp\/v2\/product\/6903\/revisions"}],"wp:featuredmedia":[{"embeddable":true,"href":"https:\/\/garofitakozmetika.hu\/en\/wp-json\/wp\/v2\/media\/6653"}],"wp:attachment":[{"href":"https:\/\/garofitakozmetika.hu\/en\/wp-json\/wp\/v2\/media?parent=6903"}],"wp:term":[{"taxonomy":"pwb-brand","embeddable":true,"href":"https:\/\/garofitakozmetika.hu\/en\/wp-json\/wp\/v2\/pwb-brand?post=6903"},{"taxonomy":"product_brand","embeddable":true,"href":"https:\/\/garofitakozmetika.hu\/en\/wp-json\/wp\/v2\/product_brand?post=6903"},{"taxonomy":"product_cat","embeddable":true,"href":"https:\/\/garofitakozmetika.hu\/en\/wp-json\/wp\/v2\/product_cat?post=6903"},{"taxonomy":"product_tag","embeddable":true,"href":"https:\/\/garofitakozmetika.hu\/en\/wp-json\/wp\/v2\/product_tag?post=6903"}],"curies":[{"name":"wp","href":"https:\/\/api.w.org\/{rel}","templated":true}]}}