{"id":6905,"date":"2024-09-25T10:23:29","date_gmt":"2024-09-25T10:23:29","guid":{"rendered":"https:\/\/larenspartner.ro\/product\/collagen-booster-30-kaps-liofilizalt-kollagen-c-vitaminnal-kapszulaban\/"},"modified":"2024-09-25T10:23:30","modified_gmt":"2024-09-25T10:23:30","slug":"collagen-booster-30-kaps-liofilizalt-kollagen-c-vitaminnal-kapszulaban","status":"publish","type":"product","link":"https:\/\/garofitakozmetika.hu\/en\/product\/collagen-booster-30-kaps-liofilizalt-kollagen-c-vitaminnal-kapszulaban\/","title":{"rendered":"Collagen Booster 30 kaps. &#8211; Liofiliz\u00e1lt kollag\u00e9n C-vitaminnal kapszul\u00e1ban"},"content":{"rendered":"","protected":false},"excerpt":{"rendered":"<div class=\"details__short pbn ptxs spts mv0\">\n<p>Fagyasztva sz\u00e1r\u00edtott hal kollag\u00e9nt tartalmaz\u00f3 \u00e9trend-kieg\u00e9sz\u00edt\u0151, csipkebogy\u00f3 kivonatb\u00f3l sz\u00e1rmaz\u00f3 C-vitaminnal \u00e9s halcsontokb\u00f3l sz\u00e1rmaz\u00f3 term\u00e9szetes aminosav-\u00e1sv\u00e1nyi anyag komplexszel. Napi adag t\u00e1mogat\u00e1s a b\u0151r, az \u00edz\u00fcletek, az immunit\u00e1s sz\u00e1m\u00e1ra.<\/p>","protected":false},"featured_media":6658,"comment_status":"open","ping_status":"closed","template":"","meta":[],"pwb-brand":[206],"product_brand":[],"product_cat":[202],"product_tag":[204,203,205],"class_list":{"0":"post-6905","1":"product","2":"type-product","3":"status-publish","4":"has-post-thumbnail","6":"pwb-brand-nutrivi","7":"product_cat-haj-es-korom","8":"product_tag-bor","9":"product_tag-etrend-kiegeszitok-nutrivi","10":"product_tag-haj-es-korom","13":"instock","14":"shipping-taxable","15":"purchasable","16":"product-type-simple","17":"product-grid-view"},"brands":[{"id":206,"name":"Nutrivi","slug":"nutrivi"}],"_links":{"self":[{"href":"https:\/\/garofitakozmetika.hu\/en\/wp-json\/wp\/v2\/product\/6905","targetHints":{"allow":["GET"]}}],"collection":[{"href":"https:\/\/garofitakozmetika.hu\/en\/wp-json\/wp\/v2\/product"}],"about":[{"href":"https:\/\/garofitakozmetika.hu\/en\/wp-json\/wp\/v2\/types\/product"}],"replies":[{"embeddable":true,"href":"https:\/\/garofitakozmetika.hu\/en\/wp-json\/wp\/v2\/comments?post=6905"}],"version-history":[{"count":0,"href":"https:\/\/garofitakozmetika.hu\/en\/wp-json\/wp\/v2\/product\/6905\/revisions"}],"wp:featuredmedia":[{"embeddable":true,"href":"https:\/\/garofitakozmetika.hu\/en\/wp-json\/wp\/v2\/media\/6658"}],"wp:attachment":[{"href":"https:\/\/garofitakozmetika.hu\/en\/wp-json\/wp\/v2\/media?parent=6905"}],"wp:term":[{"taxonomy":"pwb-brand","embeddable":true,"href":"https:\/\/garofitakozmetika.hu\/en\/wp-json\/wp\/v2\/pwb-brand?post=6905"},{"taxonomy":"product_brand","embeddable":true,"href":"https:\/\/garofitakozmetika.hu\/en\/wp-json\/wp\/v2\/product_brand?post=6905"},{"taxonomy":"product_cat","embeddable":true,"href":"https:\/\/garofitakozmetika.hu\/en\/wp-json\/wp\/v2\/product_cat?post=6905"},{"taxonomy":"product_tag","embeddable":true,"href":"https:\/\/garofitakozmetika.hu\/en\/wp-json\/wp\/v2\/product_tag?post=6905"}],"curies":[{"name":"wp","href":"https:\/\/api.w.org\/{rel}","templated":true}]}}