{"id":6908,"date":"2024-09-25T10:23:43","date_gmt":"2024-09-25T10:23:43","guid":{"rendered":"https:\/\/larenspartner.ro\/product\/enzyme-complex-60-kaps-proteolitikus-enzim-duo-bromelain-es-papain\/"},"modified":"2024-09-25T10:23:43","modified_gmt":"2024-09-25T10:23:43","slug":"enzyme-complex-60-kaps-proteolitikus-enzim-duo-bromelain-es-papain","status":"publish","type":"product","link":"https:\/\/garofitakozmetika.hu\/en\/product\/enzyme-complex-60-kaps-proteolitikus-enzim-duo-bromelain-es-papain\/","title":{"rendered":"Enzyme Complex 60 kaps. &#8211; Proteolitikus enzim du\u00f3: bromelain \u00e9s papain"},"content":{"rendered":"","protected":false},"excerpt":{"rendered":"<div class=\"details__short pbn ptxs spts mv0\"> Bromelain \u00e9s papain, k\u00e9t n\u00f6v\u00e9nyi proteolitikus enzim \u00f6sszet\u00e9tel\u00e9t tartalmaz\u00f3 \u00e9trend-kieg\u00e9sz\u00edt\u0151, amely gazdag\u00edtja a t\u00e1pl\u00e1l\u00e9kot.<\/p>","protected":false},"featured_media":6671,"comment_status":"open","ping_status":"closed","template":"","meta":[],"pwb-brand":[206],"product_brand":[],"product_cat":[209],"product_tag":[210,203],"class_list":{"0":"post-6908","1":"product","2":"type-product","3":"status-publish","4":"has-post-thumbnail","6":"pwb-brand-nutrivi","7":"product_cat-belrendszer-es-emesztes-etrend-kiegeszitok-nutrivi","8":"product_tag-belrendszer-es-emesztes","9":"product_tag-etrend-kiegeszitok-nutrivi","12":"instock","13":"shipping-taxable","14":"purchasable","15":"product-type-simple","16":"product-grid-view"},"brands":[{"id":206,"name":"Nutrivi","slug":"nutrivi"}],"_links":{"self":[{"href":"https:\/\/garofitakozmetika.hu\/en\/wp-json\/wp\/v2\/product\/6908","targetHints":{"allow":["GET"]}}],"collection":[{"href":"https:\/\/garofitakozmetika.hu\/en\/wp-json\/wp\/v2\/product"}],"about":[{"href":"https:\/\/garofitakozmetika.hu\/en\/wp-json\/wp\/v2\/types\/product"}],"replies":[{"embeddable":true,"href":"https:\/\/garofitakozmetika.hu\/en\/wp-json\/wp\/v2\/comments?post=6908"}],"version-history":[{"count":0,"href":"https:\/\/garofitakozmetika.hu\/en\/wp-json\/wp\/v2\/product\/6908\/revisions"}],"wp:featuredmedia":[{"embeddable":true,"href":"https:\/\/garofitakozmetika.hu\/en\/wp-json\/wp\/v2\/media\/6671"}],"wp:attachment":[{"href":"https:\/\/garofitakozmetika.hu\/en\/wp-json\/wp\/v2\/media?parent=6908"}],"wp:term":[{"taxonomy":"pwb-brand","embeddable":true,"href":"https:\/\/garofitakozmetika.hu\/en\/wp-json\/wp\/v2\/pwb-brand?post=6908"},{"taxonomy":"product_brand","embeddable":true,"href":"https:\/\/garofitakozmetika.hu\/en\/wp-json\/wp\/v2\/product_brand?post=6908"},{"taxonomy":"product_cat","embeddable":true,"href":"https:\/\/garofitakozmetika.hu\/en\/wp-json\/wp\/v2\/product_cat?post=6908"},{"taxonomy":"product_tag","embeddable":true,"href":"https:\/\/garofitakozmetika.hu\/en\/wp-json\/wp\/v2\/product_tag?post=6908"}],"curies":[{"name":"wp","href":"https:\/\/api.w.org\/{rel}","templated":true}]}}