{"id":6909,"date":"2024-09-25T10:23:44","date_gmt":"2024-09-25T10:23:44","guid":{"rendered":"https:\/\/larenspartner.ro\/product\/peptimag-complex-magnezium-komplex-rezzel-cinkkel-b6-vitaminnal-es-liofilizalt-hal-kollagennel\/"},"modified":"2024-09-25T10:23:45","modified_gmt":"2024-09-25T10:23:45","slug":"peptimag-complex-magnezium-komplex-rezzel-cinkkel-b6-vitaminnal-es-liofilizalt-hal-kollagennel","status":"publish","type":"product","link":"https:\/\/garofitakozmetika.hu\/en\/product\/peptimag-complex-magnezium-komplex-rezzel-cinkkel-b6-vitaminnal-es-liofilizalt-hal-kollagennel\/","title":{"rendered":"Peptimag Complex &#8211; Magn\u00e9zium komplex r\u00e9zzel, cinkkel, B6-vitaminnal \u00e9s liofiliz\u00e1lt hal kollag\u00e9nnel."},"content":{"rendered":"","protected":false},"excerpt":{"rendered":"<div class=\"details__short pbn ptxs spts mv0\"> \u00c9trend-kieg\u00e9sz\u00edt\u0151 egy olyan komplex, amely kieg\u00e9sz\u00edti az \u00e9trendet a magn\u00e9zium h\u00e1rom szerves, k\u00f6nnyen em\u00e9szthet\u0151 form\u00e1j\u00e1val, nyomelemekkel: cinkkel \u00e9s r\u00e9zzel kel\u00e1t form\u00e1j\u00e1ban, B6-vitaminnal \u00e9s fagyasztva sz\u00e1r\u00edtott halkollag\u00e9n peptidekkel.<\/p>","protected":false},"featured_media":6676,"comment_status":"open","ping_status":"closed","template":"","meta":[],"pwb-brand":[206],"product_brand":[],"product_cat":[212],"product_tag":[213,203,214],"class_list":{"0":"post-6909","1":"product","2":"type-product","3":"status-publish","4":"has-post-thumbnail","6":"pwb-brand-nutrivi","7":"product_cat-memoria-es-koncentracio","8":"product_tag-energia","9":"product_tag-etrend-kiegeszitok-nutrivi","10":"product_tag-memoria-es-koncentracio","13":"instock","14":"shipping-taxable","15":"purchasable","16":"product-type-simple","17":"product-grid-view"},"brands":[{"id":206,"name":"Nutrivi","slug":"nutrivi"}],"_links":{"self":[{"href":"https:\/\/garofitakozmetika.hu\/en\/wp-json\/wp\/v2\/product\/6909","targetHints":{"allow":["GET"]}}],"collection":[{"href":"https:\/\/garofitakozmetika.hu\/en\/wp-json\/wp\/v2\/product"}],"about":[{"href":"https:\/\/garofitakozmetika.hu\/en\/wp-json\/wp\/v2\/types\/product"}],"replies":[{"embeddable":true,"href":"https:\/\/garofitakozmetika.hu\/en\/wp-json\/wp\/v2\/comments?post=6909"}],"version-history":[{"count":0,"href":"https:\/\/garofitakozmetika.hu\/en\/wp-json\/wp\/v2\/product\/6909\/revisions"}],"wp:featuredmedia":[{"embeddable":true,"href":"https:\/\/garofitakozmetika.hu\/en\/wp-json\/wp\/v2\/media\/6676"}],"wp:attachment":[{"href":"https:\/\/garofitakozmetika.hu\/en\/wp-json\/wp\/v2\/media?parent=6909"}],"wp:term":[{"taxonomy":"pwb-brand","embeddable":true,"href":"https:\/\/garofitakozmetika.hu\/en\/wp-json\/wp\/v2\/pwb-brand?post=6909"},{"taxonomy":"product_brand","embeddable":true,"href":"https:\/\/garofitakozmetika.hu\/en\/wp-json\/wp\/v2\/product_brand?post=6909"},{"taxonomy":"product_cat","embeddable":true,"href":"https:\/\/garofitakozmetika.hu\/en\/wp-json\/wp\/v2\/product_cat?post=6909"},{"taxonomy":"product_tag","embeddable":true,"href":"https:\/\/garofitakozmetika.hu\/en\/wp-json\/wp\/v2\/product_tag?post=6909"}],"curies":[{"name":"wp","href":"https:\/\/api.w.org\/{rel}","templated":true}]}}