{"id":6910,"date":"2024-09-25T10:23:47","date_gmt":"2024-09-25T10:23:47","guid":{"rendered":"https:\/\/larenspartner.ro\/product\/nutrivi-move-up-tobbkomponensu-tamogatas-fogyas-edzes-aktiv-eletmod-soran\/"},"modified":"2024-09-25T10:23:47","modified_gmt":"2024-09-25T10:23:47","slug":"nutrivi-move-up-tobbkomponensu-tamogatas-fogyas-edzes-aktiv-eletmod-soran","status":"publish","type":"product","link":"https:\/\/garofitakozmetika.hu\/en\/product\/nutrivi-move-up-tobbkomponensu-tamogatas-fogyas-edzes-aktiv-eletmod-soran\/","title":{"rendered":"Nutrivi Move UP &#8211; T\u00f6bbkomponens\u0171 t\u00e1mogat\u00e1s fogy\u00e1s, edz\u00e9s, akt\u00edv \u00e9letm\u00f3d sor\u00e1n."},"content":{"rendered":"","protected":false},"excerpt":{"rendered":"<div class=\"details__short pbn ptxs spts mv0\">\n<p>V\u00edzben feloldand\u00f3 \u00e9trend-kieg\u00e9sz\u00edt\u0151. Sz\u00e1mos hat\u00f3anyag szinergikus kombin\u00e1ci\u00f3ja. Az eg\u00e9szs\u00e9ges fogy\u00e1s, az optim\u00e1lis teljes\u00edtm\u00e9nyen val\u00f3 munka, a test form\u00e1l\u00e1sa \u00e9s a munka hat\u00e1sainak fenntart\u00e1sa, a sportol\u00e1s \u00e9s az akt\u00edv \u00e9letm\u00f3d t\u00e1mogat\u00e1sa.<\/p>","protected":false},"featured_media":6681,"comment_status":"open","ping_status":"closed","template":"","meta":[],"pwb-brand":[206],"product_brand":[],"product_cat":[212],"product_tag":[213,203,214],"class_list":{"0":"post-6910","1":"product","2":"type-product","3":"status-publish","4":"has-post-thumbnail","6":"pwb-brand-nutrivi","7":"product_cat-memoria-es-koncentracio","8":"product_tag-energia","9":"product_tag-etrend-kiegeszitok-nutrivi","10":"product_tag-memoria-es-koncentracio","13":"instock","14":"shipping-taxable","15":"purchasable","16":"product-type-simple","17":"product-grid-view"},"brands":[{"id":206,"name":"Nutrivi","slug":"nutrivi"}],"_links":{"self":[{"href":"https:\/\/garofitakozmetika.hu\/en\/wp-json\/wp\/v2\/product\/6910","targetHints":{"allow":["GET"]}}],"collection":[{"href":"https:\/\/garofitakozmetika.hu\/en\/wp-json\/wp\/v2\/product"}],"about":[{"href":"https:\/\/garofitakozmetika.hu\/en\/wp-json\/wp\/v2\/types\/product"}],"replies":[{"embeddable":true,"href":"https:\/\/garofitakozmetika.hu\/en\/wp-json\/wp\/v2\/comments?post=6910"}],"version-history":[{"count":0,"href":"https:\/\/garofitakozmetika.hu\/en\/wp-json\/wp\/v2\/product\/6910\/revisions"}],"wp:featuredmedia":[{"embeddable":true,"href":"https:\/\/garofitakozmetika.hu\/en\/wp-json\/wp\/v2\/media\/6681"}],"wp:attachment":[{"href":"https:\/\/garofitakozmetika.hu\/en\/wp-json\/wp\/v2\/media?parent=6910"}],"wp:term":[{"taxonomy":"pwb-brand","embeddable":true,"href":"https:\/\/garofitakozmetika.hu\/en\/wp-json\/wp\/v2\/pwb-brand?post=6910"},{"taxonomy":"product_brand","embeddable":true,"href":"https:\/\/garofitakozmetika.hu\/en\/wp-json\/wp\/v2\/product_brand?post=6910"},{"taxonomy":"product_cat","embeddable":true,"href":"https:\/\/garofitakozmetika.hu\/en\/wp-json\/wp\/v2\/product_cat?post=6910"},{"taxonomy":"product_tag","embeddable":true,"href":"https:\/\/garofitakozmetika.hu\/en\/wp-json\/wp\/v2\/product_tag?post=6910"}],"curies":[{"name":"wp","href":"https:\/\/api.w.org\/{rel}","templated":true}]}}