{"id":6911,"date":"2024-09-25T10:23:48","date_gmt":"2024-09-25T10:23:48","guid":{"rendered":"https:\/\/larenspartner.ro\/product\/get-up-refill-pack-b-vitaminok-magnezium-borax-guarana-az-energiaert-koncentracioert-teljesitmenyert\/"},"modified":"2024-09-25T10:23:49","modified_gmt":"2024-09-25T10:23:49","slug":"get-up-refill-pack-b-vitaminok-magnezium-borax-guarana-az-energiaert-koncentracioert-teljesitmenyert","status":"publish","type":"product","link":"https:\/\/garofitakozmetika.hu\/en\/product\/get-up-refill-pack-b-vitaminok-magnezium-borax-guarana-az-energiaert-koncentracioert-teljesitmenyert\/","title":{"rendered":"Get UP+ Refill Pack &#8211; B-vitaminok, magn\u00e9zium, b\u00f3rax, guarana az energi\u00e1\u00e9rt, koncentr\u00e1ci\u00f3\u00e9rt, teljes\u00edtm\u00e9ny\u00e9rt."},"content":{"rendered":"","protected":false},"excerpt":{"rendered":"<div class=\"details__short pbn ptxs spts mv0\">\n<p>T\u00f6bbkomponens\u0171, v\u00edzben feloldand\u00f3 \u00e9trend-kieg\u00e9sz\u00edt\u0151. Serkenti, energi\u00e1t ad, n\u00f6veli a szellemi \u00e9s fizikai teljes\u00edtm\u00e9nyt. Speci\u00e1lisan v\u00e1logatott \u00f6sszet\u00e9tel\u0171 \u00f6sszetev\u0151ket tartalmaz, t\u00f6bbek k\u00f6z\u00f6tt B-vitamin komplexet, guarana kivonatot, sz\u00fcrke t\u0151kehal kivonatot \u00e9s magn\u00e9ziumot.<\/p>","protected":false},"featured_media":6686,"comment_status":"open","ping_status":"closed","template":"","meta":[],"pwb-brand":[206],"product_brand":[],"product_cat":[212],"product_tag":[213,203,214],"class_list":{"0":"post-6911","1":"product","2":"type-product","3":"status-publish","4":"has-post-thumbnail","6":"pwb-brand-nutrivi","7":"product_cat-memoria-es-koncentracio","8":"product_tag-energia","9":"product_tag-etrend-kiegeszitok-nutrivi","10":"product_tag-memoria-es-koncentracio","13":"instock","14":"shipping-taxable","15":"purchasable","16":"product-type-simple","17":"product-grid-view"},"brands":[{"id":206,"name":"Nutrivi","slug":"nutrivi"}],"_links":{"self":[{"href":"https:\/\/garofitakozmetika.hu\/en\/wp-json\/wp\/v2\/product\/6911","targetHints":{"allow":["GET"]}}],"collection":[{"href":"https:\/\/garofitakozmetika.hu\/en\/wp-json\/wp\/v2\/product"}],"about":[{"href":"https:\/\/garofitakozmetika.hu\/en\/wp-json\/wp\/v2\/types\/product"}],"replies":[{"embeddable":true,"href":"https:\/\/garofitakozmetika.hu\/en\/wp-json\/wp\/v2\/comments?post=6911"}],"version-history":[{"count":0,"href":"https:\/\/garofitakozmetika.hu\/en\/wp-json\/wp\/v2\/product\/6911\/revisions"}],"wp:featuredmedia":[{"embeddable":true,"href":"https:\/\/garofitakozmetika.hu\/en\/wp-json\/wp\/v2\/media\/6686"}],"wp:attachment":[{"href":"https:\/\/garofitakozmetika.hu\/en\/wp-json\/wp\/v2\/media?parent=6911"}],"wp:term":[{"taxonomy":"pwb-brand","embeddable":true,"href":"https:\/\/garofitakozmetika.hu\/en\/wp-json\/wp\/v2\/pwb-brand?post=6911"},{"taxonomy":"product_brand","embeddable":true,"href":"https:\/\/garofitakozmetika.hu\/en\/wp-json\/wp\/v2\/product_brand?post=6911"},{"taxonomy":"product_cat","embeddable":true,"href":"https:\/\/garofitakozmetika.hu\/en\/wp-json\/wp\/v2\/product_cat?post=6911"},{"taxonomy":"product_tag","embeddable":true,"href":"https:\/\/garofitakozmetika.hu\/en\/wp-json\/wp\/v2\/product_tag?post=6911"}],"curies":[{"name":"wp","href":"https:\/\/api.w.org\/{rel}","templated":true}]}}