{"id":6915,"date":"2024-09-25T10:24:20","date_gmt":"2024-09-25T10:24:20","guid":{"rendered":"https:\/\/larenspartner.ro\/product\/revicoll-max-omega-plus-k2mk7-60-kaps-omega3-savak-hal-kollagen-a-d-e-k-vitaminok-a-halolajban\/"},"modified":"2024-09-25T10:24:20","modified_gmt":"2024-09-25T10:24:20","slug":"revicoll-max-omega-plus-k2mk7-60-kaps-omega3-savak-hal-kollagen-a-d-e-k-vitaminok-a-halolajban","status":"publish","type":"product","link":"https:\/\/garofitakozmetika.hu\/en\/product\/revicoll-max-omega-plus-k2mk7-60-kaps-omega3-savak-hal-kollagen-a-d-e-k-vitaminok-a-halolajban\/","title":{"rendered":"Revicoll MAX Omega Plus K2MK7 60 kaps. &#8211; Omega3 savak, hal kollag\u00e9n, A-, D-, E-, K-vitaminok a halolajban."},"content":{"rendered":"","protected":false},"excerpt":{"rendered":"<div class=\"details__short pbn ptxs spts mv0\"> T\u00f6bbkomponens\u0171 \u00e9trend-kieg\u00e9sz\u00edt\u0151. Az Omega3 DHA \u00e9s EPA savak \u00e9rt\u00e9kes kombin\u00e1ci\u00f3j\u00e1t tartalmazza hal kollag\u00e9nnel \u00e9s A-, D-, E-, K-vitaminokkal, halolajba m\u00e1rtva.<\/p>","protected":false},"featured_media":6701,"comment_status":"open","ping_status":"closed","template":"","meta":[],"pwb-brand":[206],"product_brand":[],"product_cat":[221],"product_tag":[222,203],"class_list":{"0":"post-6915","1":"product","2":"type-product","3":"status-publish","4":"has-post-thumbnail","6":"pwb-brand-nutrivi","7":"product_cat-csontok-es-izuletek-etrend-kiegeszitok-nutrivi","8":"product_tag-csontok-es-izuletek","9":"product_tag-etrend-kiegeszitok-nutrivi","12":"instock","13":"shipping-taxable","14":"purchasable","15":"product-type-simple","16":"product-grid-view"},"brands":[{"id":206,"name":"Nutrivi","slug":"nutrivi"}],"_links":{"self":[{"href":"https:\/\/garofitakozmetika.hu\/en\/wp-json\/wp\/v2\/product\/6915","targetHints":{"allow":["GET"]}}],"collection":[{"href":"https:\/\/garofitakozmetika.hu\/en\/wp-json\/wp\/v2\/product"}],"about":[{"href":"https:\/\/garofitakozmetika.hu\/en\/wp-json\/wp\/v2\/types\/product"}],"replies":[{"embeddable":true,"href":"https:\/\/garofitakozmetika.hu\/en\/wp-json\/wp\/v2\/comments?post=6915"}],"version-history":[{"count":0,"href":"https:\/\/garofitakozmetika.hu\/en\/wp-json\/wp\/v2\/product\/6915\/revisions"}],"wp:featuredmedia":[{"embeddable":true,"href":"https:\/\/garofitakozmetika.hu\/en\/wp-json\/wp\/v2\/media\/6701"}],"wp:attachment":[{"href":"https:\/\/garofitakozmetika.hu\/en\/wp-json\/wp\/v2\/media?parent=6915"}],"wp:term":[{"taxonomy":"pwb-brand","embeddable":true,"href":"https:\/\/garofitakozmetika.hu\/en\/wp-json\/wp\/v2\/pwb-brand?post=6915"},{"taxonomy":"product_brand","embeddable":true,"href":"https:\/\/garofitakozmetika.hu\/en\/wp-json\/wp\/v2\/product_brand?post=6915"},{"taxonomy":"product_cat","embeddable":true,"href":"https:\/\/garofitakozmetika.hu\/en\/wp-json\/wp\/v2\/product_cat?post=6915"},{"taxonomy":"product_tag","embeddable":true,"href":"https:\/\/garofitakozmetika.hu\/en\/wp-json\/wp\/v2\/product_tag?post=6915"}],"curies":[{"name":"wp","href":"https:\/\/api.w.org\/{rel}","templated":true}]}}