{"id":6917,"date":"2024-09-25T10:24:35","date_gmt":"2024-09-25T10:24:35","guid":{"rendered":"https:\/\/larenspartner.ro\/product\/cannavi-by-nutrivi-cbd-oil-full-spectrum-20-premium-teljes-spektrumu-cbd-olaj\/"},"modified":"2024-09-25T10:24:35","modified_gmt":"2024-09-25T10:24:35","slug":"cannavi-by-nutrivi-cbd-oil-full-spectrum-20-premium-teljes-spektrumu-cbd-olaj","status":"publish","type":"product","link":"https:\/\/garofitakozmetika.hu\/en\/product\/cannavi-by-nutrivi-cbd-oil-full-spectrum-20-premium-teljes-spektrumu-cbd-olaj\/","title":{"rendered":"Cannavi by Nutrivi CBD+ Oil Full Spectrum 20% &#8211; Pr\u00e9mium teljes spektrum\u00fa CBD olaj"},"content":{"rendered":"","protected":false},"excerpt":{"rendered":"<div class=\"details__short pbn ptxs spts mv0\"> Pr\u00e9mium teljes spektrum\u00fa CBD olaj. Kendermagb\u00f3l sz\u00e1rmaz\u00f3 kannabidiol (CBD), kannabigerol (CBG) \u00e9s k\u00eds\u00e9r\u0151 kannabinoidok, terp\u00e9nek \u00e9s flavonoidok term\u00e9szetes \u00f6sszet\u00e9tele.<\/p>","protected":false},"featured_media":6708,"comment_status":"open","ping_status":"closed","template":"","meta":[],"pwb-brand":[231],"product_brand":[],"product_cat":[228],"product_tag":[230,229],"class_list":{"0":"post-6917","1":"product","2":"type-product","3":"status-publish","4":"has-post-thumbnail","6":"pwb-brand-cannavi","7":"product_cat-cbd-olajok-cbd-olajok-cannavi","8":"product_tag-cbd-olajok","9":"product_tag-cbd-olajok-cannavi","12":"instock","13":"shipping-taxable","14":"purchasable","15":"product-type-simple","16":"product-grid-view"},"brands":[{"id":231,"name":"Cannavi","slug":"cannavi"}],"_links":{"self":[{"href":"https:\/\/garofitakozmetika.hu\/en\/wp-json\/wp\/v2\/product\/6917","targetHints":{"allow":["GET"]}}],"collection":[{"href":"https:\/\/garofitakozmetika.hu\/en\/wp-json\/wp\/v2\/product"}],"about":[{"href":"https:\/\/garofitakozmetika.hu\/en\/wp-json\/wp\/v2\/types\/product"}],"replies":[{"embeddable":true,"href":"https:\/\/garofitakozmetika.hu\/en\/wp-json\/wp\/v2\/comments?post=6917"}],"version-history":[{"count":0,"href":"https:\/\/garofitakozmetika.hu\/en\/wp-json\/wp\/v2\/product\/6917\/revisions"}],"wp:featuredmedia":[{"embeddable":true,"href":"https:\/\/garofitakozmetika.hu\/en\/wp-json\/wp\/v2\/media\/6708"}],"wp:attachment":[{"href":"https:\/\/garofitakozmetika.hu\/en\/wp-json\/wp\/v2\/media?parent=6917"}],"wp:term":[{"taxonomy":"pwb-brand","embeddable":true,"href":"https:\/\/garofitakozmetika.hu\/en\/wp-json\/wp\/v2\/pwb-brand?post=6917"},{"taxonomy":"product_brand","embeddable":true,"href":"https:\/\/garofitakozmetika.hu\/en\/wp-json\/wp\/v2\/product_brand?post=6917"},{"taxonomy":"product_cat","embeddable":true,"href":"https:\/\/garofitakozmetika.hu\/en\/wp-json\/wp\/v2\/product_cat?post=6917"},{"taxonomy":"product_tag","embeddable":true,"href":"https:\/\/garofitakozmetika.hu\/en\/wp-json\/wp\/v2\/product_tag?post=6917"}],"curies":[{"name":"wp","href":"https:\/\/api.w.org\/{rel}","templated":true}]}}