{"id":6946,"date":"2024-09-25T10:52:01","date_gmt":"2024-09-25T10:52:01","guid":{"rendered":"https:\/\/larenspartner.ro\/product\/larens-colour-liquid-concealer-matt-mattito-folyekony-concealer-a-borapolashozmattosito-folyekony-concealer-a-borapolashoz\/"},"modified":"2024-09-25T10:52:06","modified_gmt":"2024-09-25T10:52:06","slug":"larens-colour-liquid-concealer-matt-mattito-folyekony-concealer-a-borapolashozmattosito-folyekony-concealer-a-borapolashoz","status":"publish","type":"product","link":"https:\/\/garofitakozmetika.hu\/en\/product\/larens-colour-liquid-concealer-matt-mattito-folyekony-concealer-a-borapolashozmattosito-folyekony-concealer-a-borapolashoz\/","title":{"rendered":"Larens Colour Liquid Concealer Matt &#8211; Matt\u00edt\u00f3 foly\u00e9kony concealer a b\u0151r\u00e1pol\u00e1shozMattos\u00edt\u00f3 foly\u00e9kony concealer a b\u0151r\u00e1pol\u00e1shoz"},"content":{"rendered":"","protected":false},"excerpt":{"rendered":"<div class=\"details__short pbn ptxs spts mv0\">                                Az \u00e1pol\u00f3 foly\u00e9kony concealer megb\u00edzhat\u00f3an elfedi a b\u0151rhib\u00e1kat, kiegyenl\u00edti a b\u0151rt\u00f3nust, \u00e9s finom matt finisht hagy maga ut\u00e1n.<\/p>","protected":false},"featured_media":6571,"comment_status":"open","ping_status":"closed","template":"","meta":[],"pwb-brand":[191],"product_brand":[],"product_cat":[188],"product_tag":[189,190],"class_list":{"0":"post-6946","1":"product","2":"type-product","3":"status-publish","4":"has-post-thumbnail","6":"pwb-brand-larens-colour","7":"product_cat-smink-kozmetikumok-make-up-larens-colour","8":"product_tag-make-up-larens-colour","9":"product_tag-smink-kozmetikumok","12":"instock","13":"shipping-taxable","14":"purchasable","15":"product-type-variable","16":"product-grid-view"},"brands":[{"id":191,"name":"Larens Colour","slug":"larens-colour"}],"_links":{"self":[{"href":"https:\/\/garofitakozmetika.hu\/en\/wp-json\/wp\/v2\/product\/6946","targetHints":{"allow":["GET"]}}],"collection":[{"href":"https:\/\/garofitakozmetika.hu\/en\/wp-json\/wp\/v2\/product"}],"about":[{"href":"https:\/\/garofitakozmetika.hu\/en\/wp-json\/wp\/v2\/types\/product"}],"replies":[{"embeddable":true,"href":"https:\/\/garofitakozmetika.hu\/en\/wp-json\/wp\/v2\/comments?post=6946"}],"version-history":[{"count":0,"href":"https:\/\/garofitakozmetika.hu\/en\/wp-json\/wp\/v2\/product\/6946\/revisions"}],"wp:featuredmedia":[{"embeddable":true,"href":"https:\/\/garofitakozmetika.hu\/en\/wp-json\/wp\/v2\/media\/6571"}],"wp:attachment":[{"href":"https:\/\/garofitakozmetika.hu\/en\/wp-json\/wp\/v2\/media?parent=6946"}],"wp:term":[{"taxonomy":"pwb-brand","embeddable":true,"href":"https:\/\/garofitakozmetika.hu\/en\/wp-json\/wp\/v2\/pwb-brand?post=6946"},{"taxonomy":"product_brand","embeddable":true,"href":"https:\/\/garofitakozmetika.hu\/en\/wp-json\/wp\/v2\/product_brand?post=6946"},{"taxonomy":"product_cat","embeddable":true,"href":"https:\/\/garofitakozmetika.hu\/en\/wp-json\/wp\/v2\/product_cat?post=6946"},{"taxonomy":"product_tag","embeddable":true,"href":"https:\/\/garofitakozmetika.hu\/en\/wp-json\/wp\/v2\/product_tag?post=6946"}],"curies":[{"name":"wp","href":"https:\/\/api.w.org\/{rel}","templated":true}]}}