{"id":6954,"date":"2024-09-25T10:52:14","date_gmt":"2024-09-25T10:52:14","guid":{"rendered":"https:\/\/larenspartner.ro\/product\/larens-colour-liquid-foundation-glow-borapolo-fenyesito-alapozo\/"},"modified":"2024-09-25T10:52:19","modified_gmt":"2024-09-25T10:52:19","slug":"larens-colour-liquid-foundation-glow-borapolo-fenyesito-alapozo","status":"publish","type":"product","link":"https:\/\/garofitakozmetika.hu\/en\/product\/larens-colour-liquid-foundation-glow-borapolo-fenyesito-alapozo\/","title":{"rendered":"Larens Colour Liquid Foundation Glow &#8211; B\u0151r\u00e1pol\u00f3 f\u00e9nyes\u00edt\u0151 alapoz\u00f3"},"content":{"rendered":"","protected":false},"excerpt":{"rendered":"<div class=\"details__short pbn ptxs spts mv0\">                                Egy t\u00e1pl\u00e1l\u00f3, megvil\u00e1g\u00edt\u00f3 alap. Kiegyenl\u00edti a b\u0151rt\u00f3nust, finoman visszaveri a f\u00e9nyt, ragyog\u00f3, sima b\u0151rt eredm\u00e9nyezve.<\/p>","protected":false},"featured_media":6577,"comment_status":"open","ping_status":"closed","template":"","meta":[],"pwb-brand":[191],"product_brand":[],"product_cat":[188],"product_tag":[189,190],"class_list":{"0":"post-6954","1":"product","2":"type-product","3":"status-publish","4":"has-post-thumbnail","6":"pwb-brand-larens-colour","7":"product_cat-smink-kozmetikumok-make-up-larens-colour","8":"product_tag-make-up-larens-colour","9":"product_tag-smink-kozmetikumok","12":"instock","13":"shipping-taxable","14":"purchasable","15":"product-type-variable","16":"product-grid-view"},"brands":[{"id":191,"name":"Larens Colour","slug":"larens-colour"}],"_links":{"self":[{"href":"https:\/\/garofitakozmetika.hu\/en\/wp-json\/wp\/v2\/product\/6954","targetHints":{"allow":["GET"]}}],"collection":[{"href":"https:\/\/garofitakozmetika.hu\/en\/wp-json\/wp\/v2\/product"}],"about":[{"href":"https:\/\/garofitakozmetika.hu\/en\/wp-json\/wp\/v2\/types\/product"}],"replies":[{"embeddable":true,"href":"https:\/\/garofitakozmetika.hu\/en\/wp-json\/wp\/v2\/comments?post=6954"}],"version-history":[{"count":0,"href":"https:\/\/garofitakozmetika.hu\/en\/wp-json\/wp\/v2\/product\/6954\/revisions"}],"wp:featuredmedia":[{"embeddable":true,"href":"https:\/\/garofitakozmetika.hu\/en\/wp-json\/wp\/v2\/media\/6577"}],"wp:attachment":[{"href":"https:\/\/garofitakozmetika.hu\/en\/wp-json\/wp\/v2\/media?parent=6954"}],"wp:term":[{"taxonomy":"pwb-brand","embeddable":true,"href":"https:\/\/garofitakozmetika.hu\/en\/wp-json\/wp\/v2\/pwb-brand?post=6954"},{"taxonomy":"product_brand","embeddable":true,"href":"https:\/\/garofitakozmetika.hu\/en\/wp-json\/wp\/v2\/product_brand?post=6954"},{"taxonomy":"product_cat","embeddable":true,"href":"https:\/\/garofitakozmetika.hu\/en\/wp-json\/wp\/v2\/product_cat?post=6954"},{"taxonomy":"product_tag","embeddable":true,"href":"https:\/\/garofitakozmetika.hu\/en\/wp-json\/wp\/v2\/product_tag?post=6954"}],"curies":[{"name":"wp","href":"https:\/\/api.w.org\/{rel}","templated":true}]}}