{"id":6962,"date":"2024-09-25T10:52:28","date_gmt":"2024-09-25T10:52:28","guid":{"rendered":"https:\/\/larenspartner.ro\/product\/larens-colour-bb-cream-konnyu-barsonyos-szepsegapolo-beauty-balm-tipusu-krem\/"},"modified":"2024-09-25T10:52:33","modified_gmt":"2024-09-25T10:52:33","slug":"larens-colour-bb-cream-konnyu-barsonyos-szepsegapolo-beauty-balm-tipusu-krem","status":"publish","type":"product","link":"https:\/\/garofitakozmetika.hu\/en\/product\/larens-colour-bb-cream-konnyu-barsonyos-szepsegapolo-beauty-balm-tipusu-krem\/","title":{"rendered":"Larens Colour BB Cream &#8211; K\u00f6nny\u0171, b\u00e1rsonyos sz\u00e9ps\u00e9g\u00e1pol\u00f3, Beauty Balm t\u00edpus\u00fa kr\u00e9m."},"content":{"rendered":"","protected":false},"excerpt":{"rendered":"<div class=\"details__short pbn ptxs spts mv0\">                                K\u00f6nny\u0171, b\u00e1rsonyos sz\u00e9ps\u00e9g\u00e1pol\u00f3, Beauty Balm t\u00edpus\u00fa kr\u00e9m. Kombin\u00e1lja a kiv\u00e9teles Larens \u00e1pol\u00e1st a finom sz\u00ednez\u0151 hat\u00e1ssal.<\/p>","protected":false},"featured_media":6584,"comment_status":"open","ping_status":"closed","template":"","meta":[],"pwb-brand":[191],"product_brand":[],"product_cat":[188],"product_tag":[189,190],"class_list":{"0":"post-6962","1":"product","2":"type-product","3":"status-publish","4":"has-post-thumbnail","6":"pwb-brand-larens-colour","7":"product_cat-smink-kozmetikumok-make-up-larens-colour","8":"product_tag-make-up-larens-colour","9":"product_tag-smink-kozmetikumok","12":"instock","13":"shipping-taxable","14":"purchasable","15":"product-type-variable","16":"product-grid-view"},"brands":[{"id":191,"name":"Larens Colour","slug":"larens-colour"}],"_links":{"self":[{"href":"https:\/\/garofitakozmetika.hu\/en\/wp-json\/wp\/v2\/product\/6962","targetHints":{"allow":["GET"]}}],"collection":[{"href":"https:\/\/garofitakozmetika.hu\/en\/wp-json\/wp\/v2\/product"}],"about":[{"href":"https:\/\/garofitakozmetika.hu\/en\/wp-json\/wp\/v2\/types\/product"}],"replies":[{"embeddable":true,"href":"https:\/\/garofitakozmetika.hu\/en\/wp-json\/wp\/v2\/comments?post=6962"}],"version-history":[{"count":0,"href":"https:\/\/garofitakozmetika.hu\/en\/wp-json\/wp\/v2\/product\/6962\/revisions"}],"wp:featuredmedia":[{"embeddable":true,"href":"https:\/\/garofitakozmetika.hu\/en\/wp-json\/wp\/v2\/media\/6584"}],"wp:attachment":[{"href":"https:\/\/garofitakozmetika.hu\/en\/wp-json\/wp\/v2\/media?parent=6962"}],"wp:term":[{"taxonomy":"pwb-brand","embeddable":true,"href":"https:\/\/garofitakozmetika.hu\/en\/wp-json\/wp\/v2\/pwb-brand?post=6962"},{"taxonomy":"product_brand","embeddable":true,"href":"https:\/\/garofitakozmetika.hu\/en\/wp-json\/wp\/v2\/product_brand?post=6962"},{"taxonomy":"product_cat","embeddable":true,"href":"https:\/\/garofitakozmetika.hu\/en\/wp-json\/wp\/v2\/product_cat?post=6962"},{"taxonomy":"product_tag","embeddable":true,"href":"https:\/\/garofitakozmetika.hu\/en\/wp-json\/wp\/v2\/product_tag?post=6962"}],"curies":[{"name":"wp","href":"https:\/\/api.w.org\/{rel}","templated":true}]}}