{"id":6966,"date":"2024-09-25T10:52:36","date_gmt":"2024-09-25T10:52:36","guid":{"rendered":"https:\/\/larenspartner.ro\/product\/larens-colour-powder-konnyu-preselt-puder\/"},"modified":"2024-09-25T10:52:41","modified_gmt":"2024-09-25T10:52:41","slug":"larens-colour-powder-konnyu-preselt-puder","status":"publish","type":"product","link":"https:\/\/garofitakozmetika.hu\/en\/product\/larens-colour-powder-konnyu-preselt-puder\/","title":{"rendered":"Larens Colour Powder &#8211; K\u00f6nny\u0171, pr\u00e9selt p\u00fader"},"content":{"rendered":"","protected":false},"excerpt":{"rendered":"<div class=\"details__short pbn ptxs spts mv0\">\n<div>K\u00f6nny\u0171, pr\u00e9selt p\u00fader, amely szat\u00e9nos fel\u00fcletet biztos\u00edt a sminknek \u00e9s finoman matt\u00edt\u00f3 hat\u00e1s\u00fa.<\/div>","protected":false},"featured_media":6589,"comment_status":"open","ping_status":"closed","template":"","meta":[],"pwb-brand":[191],"product_brand":[],"product_cat":[188],"product_tag":[189,190],"class_list":{"0":"post-6966","1":"product","2":"type-product","3":"status-publish","4":"has-post-thumbnail","6":"pwb-brand-larens-colour","7":"product_cat-smink-kozmetikumok-make-up-larens-colour","8":"product_tag-make-up-larens-colour","9":"product_tag-smink-kozmetikumok","12":"instock","13":"shipping-taxable","14":"purchasable","15":"product-type-variable","16":"product-grid-view"},"brands":[{"id":191,"name":"Larens Colour","slug":"larens-colour"}],"_links":{"self":[{"href":"https:\/\/garofitakozmetika.hu\/en\/wp-json\/wp\/v2\/product\/6966","targetHints":{"allow":["GET"]}}],"collection":[{"href":"https:\/\/garofitakozmetika.hu\/en\/wp-json\/wp\/v2\/product"}],"about":[{"href":"https:\/\/garofitakozmetika.hu\/en\/wp-json\/wp\/v2\/types\/product"}],"replies":[{"embeddable":true,"href":"https:\/\/garofitakozmetika.hu\/en\/wp-json\/wp\/v2\/comments?post=6966"}],"version-history":[{"count":0,"href":"https:\/\/garofitakozmetika.hu\/en\/wp-json\/wp\/v2\/product\/6966\/revisions"}],"wp:featuredmedia":[{"embeddable":true,"href":"https:\/\/garofitakozmetika.hu\/en\/wp-json\/wp\/v2\/media\/6589"}],"wp:attachment":[{"href":"https:\/\/garofitakozmetika.hu\/en\/wp-json\/wp\/v2\/media?parent=6966"}],"wp:term":[{"taxonomy":"pwb-brand","embeddable":true,"href":"https:\/\/garofitakozmetika.hu\/en\/wp-json\/wp\/v2\/pwb-brand?post=6966"},{"taxonomy":"product_brand","embeddable":true,"href":"https:\/\/garofitakozmetika.hu\/en\/wp-json\/wp\/v2\/product_brand?post=6966"},{"taxonomy":"product_cat","embeddable":true,"href":"https:\/\/garofitakozmetika.hu\/en\/wp-json\/wp\/v2\/product_cat?post=6966"},{"taxonomy":"product_tag","embeddable":true,"href":"https:\/\/garofitakozmetika.hu\/en\/wp-json\/wp\/v2\/product_tag?post=6966"}],"curies":[{"name":"wp","href":"https:\/\/api.w.org\/{rel}","templated":true}]}}