{"id":6973,"date":"2024-09-25T10:52:48","date_gmt":"2024-09-25T10:52:48","guid":{"rendered":"https:\/\/larenspartner.ro\/product\/larens-colour-blusher-borapolo-osszetevokkel-dusitott-konnyu-puder-formulaju-matt-pirosito\/"},"modified":"2024-09-25T10:52:52","modified_gmt":"2024-09-25T10:52:52","slug":"larens-colour-blusher-borapolo-osszetevokkel-dusitott-konnyu-puder-formulaju-matt-pirosito","status":"publish","type":"product","link":"https:\/\/garofitakozmetika.hu\/en\/product\/larens-colour-blusher-borapolo-osszetevokkel-dusitott-konnyu-puder-formulaju-matt-pirosito\/","title":{"rendered":"Larens Colour Blusher &#8211; B\u0151r\u00e1pol\u00f3 \u00f6sszetev\u0151kkel d\u00fas\u00edtott, k\u00f6nny\u0171 p\u00fader formul\u00e1j\u00fa, matt piros\u00edt\u00f3."},"content":{"rendered":"","protected":false},"excerpt":{"rendered":"<div class=\"details__short pbn ptxs spts mv0\">\n<div>Matt piros\u00edt\u00f3 k\u00f6nny\u0171 p\u00fader form\u00e1ban, amely b\u0151r\u00e1pol\u00f3 \u00f6sszetev\u0151kkel van gadzag\u00edtva, hogy megakad\u00e1lyozza a kisz\u00e1rad\u00e1st. Megb\u00edzhat\u00f3 sminkkiegyenl\u00edt\u00e9s, egy csipetnyi revitaliz\u00e1l\u00f3 sz\u00edn, eg\u00e9szs\u00e9ges piros sz\u00edn, amely m\u00e9g a f\u00e1radt arcb\u0151rt is feldobja<\/div>","protected":false},"featured_media":6598,"comment_status":"open","ping_status":"closed","template":"","meta":[],"pwb-brand":[191],"product_brand":[],"product_cat":[188],"product_tag":[189,190],"class_list":{"0":"post-6973","1":"product","2":"type-product","3":"status-publish","4":"has-post-thumbnail","6":"pwb-brand-larens-colour","7":"product_cat-smink-kozmetikumok-make-up-larens-colour","8":"product_tag-make-up-larens-colour","9":"product_tag-smink-kozmetikumok","12":"instock","13":"shipping-taxable","14":"purchasable","15":"product-type-variable","16":"product-grid-view"},"brands":[{"id":191,"name":"Larens Colour","slug":"larens-colour"}],"_links":{"self":[{"href":"https:\/\/garofitakozmetika.hu\/en\/wp-json\/wp\/v2\/product\/6973","targetHints":{"allow":["GET"]}}],"collection":[{"href":"https:\/\/garofitakozmetika.hu\/en\/wp-json\/wp\/v2\/product"}],"about":[{"href":"https:\/\/garofitakozmetika.hu\/en\/wp-json\/wp\/v2\/types\/product"}],"replies":[{"embeddable":true,"href":"https:\/\/garofitakozmetika.hu\/en\/wp-json\/wp\/v2\/comments?post=6973"}],"version-history":[{"count":0,"href":"https:\/\/garofitakozmetika.hu\/en\/wp-json\/wp\/v2\/product\/6973\/revisions"}],"wp:featuredmedia":[{"embeddable":true,"href":"https:\/\/garofitakozmetika.hu\/en\/wp-json\/wp\/v2\/media\/6598"}],"wp:attachment":[{"href":"https:\/\/garofitakozmetika.hu\/en\/wp-json\/wp\/v2\/media?parent=6973"}],"wp:term":[{"taxonomy":"pwb-brand","embeddable":true,"href":"https:\/\/garofitakozmetika.hu\/en\/wp-json\/wp\/v2\/pwb-brand?post=6973"},{"taxonomy":"product_brand","embeddable":true,"href":"https:\/\/garofitakozmetika.hu\/en\/wp-json\/wp\/v2\/product_brand?post=6973"},{"taxonomy":"product_cat","embeddable":true,"href":"https:\/\/garofitakozmetika.hu\/en\/wp-json\/wp\/v2\/product_cat?post=6973"},{"taxonomy":"product_tag","embeddable":true,"href":"https:\/\/garofitakozmetika.hu\/en\/wp-json\/wp\/v2\/product_tag?post=6973"}],"curies":[{"name":"wp","href":"https:\/\/api.w.org\/{rel}","templated":true}]}}