{"id":6976,"date":"2024-09-25T10:52:54","date_gmt":"2024-09-25T10:52:54","guid":{"rendered":"https:\/\/larenspartner.ro\/product\/larens-colour-highlighter-szaten-preselt-kiemelo-arcra-es-testre\/"},"modified":"2024-09-25T10:52:57","modified_gmt":"2024-09-25T10:52:57","slug":"larens-colour-highlighter-szaten-preselt-kiemelo-arcra-es-testre","status":"publish","type":"product","link":"https:\/\/garofitakozmetika.hu\/en\/product\/larens-colour-highlighter-szaten-preselt-kiemelo-arcra-es-testre\/","title":{"rendered":"Larens Colour Highlighter &#8211; Szat\u00e9n pr\u00e9selt kiemel\u0151 arcra \u00e9s testre"},"content":{"rendered":"","protected":false},"excerpt":{"rendered":"<div class=\"details__short pbn ptxs spts mv0\">\n<div>Szat\u00e9n pr\u00e9selt kiemel\u0151 arcra \u00e9s testre. Term\u00e9szetes m\u00f3don vil\u00e1gos\u00edtja a sminket glow vagy t\u00fck\u00f6rsima hat\u00e1ssal. Finoman kiemeli az arc \u00e9s a test kont\u00farjait, hangs\u00falyozza a b\u0151r simas\u00e1g\u00e1t, \u00e9s kiemeli az arcsz\u00edn sz\u00e9ps\u00e9g\u00e9t. Az \u00e1pol\u00f3 \u00f6sszetev\u0151k v\u00e9dik a b\u0151r hidrolipid r\u00e9teg\u00e9t \u00e9s megakad\u00e1lyozz\u00e1k a b\u0151r kisz\u00e1rad\u00e1s\u00e1t.<\/div>\n<div><\/div>\n<div><\/div>","protected":false},"featured_media":6603,"comment_status":"open","ping_status":"closed","template":"","meta":[],"pwb-brand":[191],"product_brand":[],"product_cat":[188],"product_tag":[189,190],"class_list":{"0":"post-6976","1":"product","2":"type-product","3":"status-publish","4":"has-post-thumbnail","6":"pwb-brand-larens-colour","7":"product_cat-smink-kozmetikumok-make-up-larens-colour","8":"product_tag-make-up-larens-colour","9":"product_tag-smink-kozmetikumok","12":"instock","13":"shipping-taxable","14":"purchasable","15":"product-type-variable","16":"product-grid-view"},"brands":[{"id":191,"name":"Larens Colour","slug":"larens-colour"}],"_links":{"self":[{"href":"https:\/\/garofitakozmetika.hu\/en\/wp-json\/wp\/v2\/product\/6976","targetHints":{"allow":["GET"]}}],"collection":[{"href":"https:\/\/garofitakozmetika.hu\/en\/wp-json\/wp\/v2\/product"}],"about":[{"href":"https:\/\/garofitakozmetika.hu\/en\/wp-json\/wp\/v2\/types\/product"}],"replies":[{"embeddable":true,"href":"https:\/\/garofitakozmetika.hu\/en\/wp-json\/wp\/v2\/comments?post=6976"}],"version-history":[{"count":0,"href":"https:\/\/garofitakozmetika.hu\/en\/wp-json\/wp\/v2\/product\/6976\/revisions"}],"wp:featuredmedia":[{"embeddable":true,"href":"https:\/\/garofitakozmetika.hu\/en\/wp-json\/wp\/v2\/media\/6603"}],"wp:attachment":[{"href":"https:\/\/garofitakozmetika.hu\/en\/wp-json\/wp\/v2\/media?parent=6976"}],"wp:term":[{"taxonomy":"pwb-brand","embeddable":true,"href":"https:\/\/garofitakozmetika.hu\/en\/wp-json\/wp\/v2\/pwb-brand?post=6976"},{"taxonomy":"product_brand","embeddable":true,"href":"https:\/\/garofitakozmetika.hu\/en\/wp-json\/wp\/v2\/product_brand?post=6976"},{"taxonomy":"product_cat","embeddable":true,"href":"https:\/\/garofitakozmetika.hu\/en\/wp-json\/wp\/v2\/product_cat?post=6976"},{"taxonomy":"product_tag","embeddable":true,"href":"https:\/\/garofitakozmetika.hu\/en\/wp-json\/wp\/v2\/product_tag?post=6976"}],"curies":[{"name":"wp","href":"https:\/\/api.w.org\/{rel}","templated":true}]}}