{"id":6845,"date":"2024-09-25T10:20:10","date_gmt":"2024-09-25T10:20:10","guid":{"rendered":"https:\/\/larenspartner.ro\/product\/gla-face-cream-intenziv-exkluziv-krem-az-erett-bor-apolasara\/"},"modified":"2024-09-25T10:20:10","modified_gmt":"2024-09-25T10:20:10","slug":"gla-face-cream-intenziv-exkluziv-krem-az-erett-bor-apolasara","status":"publish","type":"product","link":"https:\/\/garofitakozmetika.hu\/ro\/product\/gla-face-cream-intenziv-exkluziv-krem-az-erett-bor-apolasara\/","title":{"rendered":"GLA Face Cream &#8211; Intenz\u00edv, exkluz\u00edv kr\u00e9m az \u00e9rett b\u0151r \u00e1pol\u00e1s\u00e1ra"},"content":{"rendered":"","protected":false},"excerpt":{"rendered":"<div class=\"details__short pbn ptxs spts mv0\"> Intenz\u00edv, exkluz\u00edv kr\u00e9m \u00e9rett b\u0151rre vagy k\u00fcl\u00f6nleges t\u00e1mogat\u00e1st ig\u00e9nyl\u0151 b\u0151rre: sz\u00e1raz, s\u00e9r\u00fclt hidrolipid barrierrel, helyre\u00e1ll\u00edt\u00e1sra szorul\u00f3 b\u0151rre. Egyed\u00fcl\u00e1ll\u00f3 Liposzom\u00e1lis Kollag\u00e9n Komplexet tartalmaz &#8211; term\u00e9szetes hal kollag\u00e9n peptidek komplex\u00e9t liposz\u00f3m\u00e1kban \u00e9s GLA Komplexet \u00e9rt\u00e9kes gamma-linol\u00e9nsavval.<\/p>","protected":false},"featured_media":6393,"comment_status":"open","ping_status":"closed","template":"","meta":[],"pwb-brand":[152],"product_brand":[],"product_cat":[148],"product_tag":[150,151,149],"class_list":{"0":"post-6845","1":"product","2":"type-product","3":"status-publish","4":"has-post-thumbnail","6":"pwb-brand-larens","7":"product_cat-kremek","8":"product_tag-arcapolas","9":"product_tag-kremek","10":"product_tag-larens-kozmeceutikumok","13":"instock","14":"shipping-taxable","15":"purchasable","16":"product-type-simple","17":"product-grid-view"},"brands":[{"id":152,"name":"Larens","slug":"larens"}],"_links":{"self":[{"href":"https:\/\/garofitakozmetika.hu\/ro\/wp-json\/wp\/v2\/product\/6845","targetHints":{"allow":["GET"]}}],"collection":[{"href":"https:\/\/garofitakozmetika.hu\/ro\/wp-json\/wp\/v2\/product"}],"about":[{"href":"https:\/\/garofitakozmetika.hu\/ro\/wp-json\/wp\/v2\/types\/product"}],"replies":[{"embeddable":true,"href":"https:\/\/garofitakozmetika.hu\/ro\/wp-json\/wp\/v2\/comments?post=6845"}],"version-history":[{"count":0,"href":"https:\/\/garofitakozmetika.hu\/ro\/wp-json\/wp\/v2\/product\/6845\/revisions"}],"wp:featuredmedia":[{"embeddable":true,"href":"https:\/\/garofitakozmetika.hu\/ro\/wp-json\/wp\/v2\/media\/6393"}],"wp:attachment":[{"href":"https:\/\/garofitakozmetika.hu\/ro\/wp-json\/wp\/v2\/media?parent=6845"}],"wp:term":[{"taxonomy":"pwb-brand","embeddable":true,"href":"https:\/\/garofitakozmetika.hu\/ro\/wp-json\/wp\/v2\/pwb-brand?post=6845"},{"taxonomy":"product_brand","embeddable":true,"href":"https:\/\/garofitakozmetika.hu\/ro\/wp-json\/wp\/v2\/product_brand?post=6845"},{"taxonomy":"product_cat","embeddable":true,"href":"https:\/\/garofitakozmetika.hu\/ro\/wp-json\/wp\/v2\/product_cat?post=6845"},{"taxonomy":"product_tag","embeddable":true,"href":"https:\/\/garofitakozmetika.hu\/ro\/wp-json\/wp\/v2\/product_tag?post=6845"}],"curies":[{"name":"wp","href":"https:\/\/api.w.org\/{rel}","templated":true}]}}