{"id":6847,"date":"2024-09-25T10:20:16","date_gmt":"2024-09-25T10:20:16","guid":{"rendered":"https:\/\/larenspartner.ro\/product\/hydro-balance-face-cream-ultra-hidratalo-krem-minden-bortipusra\/"},"modified":"2024-09-25T10:20:16","modified_gmt":"2024-09-25T10:20:16","slug":"hydro-balance-face-cream-ultra-hidratalo-krem-minden-bortipusra","status":"publish","type":"product","link":"https:\/\/garofitakozmetika.hu\/ro\/product\/hydro-balance-face-cream-ultra-hidratalo-krem-minden-bortipusra\/","title":{"rendered":"Hydro Balance Face Cream &#8211; Ultra-hidrat\u00e1l\u00f3 kr\u00e9m minden b\u0151rt\u00edpusra"},"content":{"rendered":"","protected":false},"excerpt":{"rendered":"<div class=\"details__short pbn ptxs spts mv0\"> K\u00f6nny\u0171 kr\u00e9m minden b\u0151rt\u00edpusra. M\u00e9lyen \u00e9s hosszantart\u00f3an hidrat\u00e1lja, hozza \u00e9s fenntartja a b\u0151r hidrolipid egyens\u00faly\u00e1t. T\u00f6k\u00e9letesen felsz\u00edv\u00f3dik, puha, hidrat\u00e1lt, ragyog\u00f3 b\u0151rt hagyva maga ut\u00e1n.<\/p>","protected":false},"featured_media":6408,"comment_status":"open","ping_status":"closed","template":"","meta":[],"pwb-brand":[152],"product_brand":[],"product_cat":[148],"product_tag":[150,151,149],"class_list":{"0":"post-6847","1":"product","2":"type-product","3":"status-publish","4":"has-post-thumbnail","6":"pwb-brand-larens","7":"product_cat-kremek","8":"product_tag-arcapolas","9":"product_tag-kremek","10":"product_tag-larens-kozmeceutikumok","13":"instock","14":"shipping-taxable","15":"purchasable","16":"product-type-simple","17":"product-grid-view"},"brands":[{"id":152,"name":"Larens","slug":"larens"}],"_links":{"self":[{"href":"https:\/\/garofitakozmetika.hu\/ro\/wp-json\/wp\/v2\/product\/6847","targetHints":{"allow":["GET"]}}],"collection":[{"href":"https:\/\/garofitakozmetika.hu\/ro\/wp-json\/wp\/v2\/product"}],"about":[{"href":"https:\/\/garofitakozmetika.hu\/ro\/wp-json\/wp\/v2\/types\/product"}],"replies":[{"embeddable":true,"href":"https:\/\/garofitakozmetika.hu\/ro\/wp-json\/wp\/v2\/comments?post=6847"}],"version-history":[{"count":0,"href":"https:\/\/garofitakozmetika.hu\/ro\/wp-json\/wp\/v2\/product\/6847\/revisions"}],"wp:featuredmedia":[{"embeddable":true,"href":"https:\/\/garofitakozmetika.hu\/ro\/wp-json\/wp\/v2\/media\/6408"}],"wp:attachment":[{"href":"https:\/\/garofitakozmetika.hu\/ro\/wp-json\/wp\/v2\/media?parent=6847"}],"wp:term":[{"taxonomy":"pwb-brand","embeddable":true,"href":"https:\/\/garofitakozmetika.hu\/ro\/wp-json\/wp\/v2\/pwb-brand?post=6847"},{"taxonomy":"product_brand","embeddable":true,"href":"https:\/\/garofitakozmetika.hu\/ro\/wp-json\/wp\/v2\/product_brand?post=6847"},{"taxonomy":"product_cat","embeddable":true,"href":"https:\/\/garofitakozmetika.hu\/ro\/wp-json\/wp\/v2\/product_cat?post=6847"},{"taxonomy":"product_tag","embeddable":true,"href":"https:\/\/garofitakozmetika.hu\/ro\/wp-json\/wp\/v2\/product_tag?post=6847"}],"curies":[{"name":"wp","href":"https:\/\/api.w.org\/{rel}","templated":true}]}}