{"id":6852,"date":"2024-09-25T10:20:24","date_gmt":"2024-09-25T10:20:24","guid":{"rendered":"https:\/\/larenspartner.ro\/product\/dermo-face-cream-ectoin-krem-igenyes-borre-hidratal-nyugtat-vedelmet-nyujt\/"},"modified":"2024-09-25T10:20:24","modified_gmt":"2024-09-25T10:20:24","slug":"dermo-face-cream-ectoin-krem-igenyes-borre-hidratal-nyugtat-vedelmet-nyujt","status":"publish","type":"product","link":"https:\/\/garofitakozmetika.hu\/ro\/product\/dermo-face-cream-ectoin-krem-igenyes-borre-hidratal-nyugtat-vedelmet-nyujt\/","title":{"rendered":"Dermo Face Cream &#8211; Ectoin kr\u00e9m ig\u00e9nyes b\u0151rre, hidrat\u00e1l, nyugtat, v\u00e9delmet ny\u00fajt"},"content":{"rendered":"","protected":false},"excerpt":{"rendered":"<div class=\"details__short pbn ptxs spts mv0\"> Gazdag hidrat\u00e1l\u00f3 \u00e9s nyugtat\u00f3 kr\u00e9m a k\u00fcl\u00f6nleges kezel\u00e9st ig\u00e9nyl\u0151 b\u0151r mindennapi \u00e1pol\u00e1s\u00e1ra: \u00e9rz\u00e9keny, probl\u00e9m\u00e1s, sz\u00e1raz vagy at\u00f3pi\u00e1s b\u0151r.<\/p>","protected":false},"featured_media":6428,"comment_status":"open","ping_status":"closed","template":"","meta":[],"pwb-brand":[152],"product_brand":[],"product_cat":[148],"product_tag":[150,151,149],"class_list":{"0":"post-6852","1":"product","2":"type-product","3":"status-publish","4":"has-post-thumbnail","6":"pwb-brand-larens","7":"product_cat-kremek","8":"product_tag-arcapolas","9":"product_tag-kremek","10":"product_tag-larens-kozmeceutikumok","13":"instock","14":"shipping-taxable","15":"purchasable","16":"product-type-simple","17":"product-grid-view"},"brands":[{"id":152,"name":"Larens","slug":"larens"}],"_links":{"self":[{"href":"https:\/\/garofitakozmetika.hu\/ro\/wp-json\/wp\/v2\/product\/6852","targetHints":{"allow":["GET"]}}],"collection":[{"href":"https:\/\/garofitakozmetika.hu\/ro\/wp-json\/wp\/v2\/product"}],"about":[{"href":"https:\/\/garofitakozmetika.hu\/ro\/wp-json\/wp\/v2\/types\/product"}],"replies":[{"embeddable":true,"href":"https:\/\/garofitakozmetika.hu\/ro\/wp-json\/wp\/v2\/comments?post=6852"}],"version-history":[{"count":0,"href":"https:\/\/garofitakozmetika.hu\/ro\/wp-json\/wp\/v2\/product\/6852\/revisions"}],"wp:featuredmedia":[{"embeddable":true,"href":"https:\/\/garofitakozmetika.hu\/ro\/wp-json\/wp\/v2\/media\/6428"}],"wp:attachment":[{"href":"https:\/\/garofitakozmetika.hu\/ro\/wp-json\/wp\/v2\/media?parent=6852"}],"wp:term":[{"taxonomy":"pwb-brand","embeddable":true,"href":"https:\/\/garofitakozmetika.hu\/ro\/wp-json\/wp\/v2\/pwb-brand?post=6852"},{"taxonomy":"product_brand","embeddable":true,"href":"https:\/\/garofitakozmetika.hu\/ro\/wp-json\/wp\/v2\/product_brand?post=6852"},{"taxonomy":"product_cat","embeddable":true,"href":"https:\/\/garofitakozmetika.hu\/ro\/wp-json\/wp\/v2\/product_cat?post=6852"},{"taxonomy":"product_tag","embeddable":true,"href":"https:\/\/garofitakozmetika.hu\/ro\/wp-json\/wp\/v2\/product_tag?post=6852"}],"curies":[{"name":"wp","href":"https:\/\/api.w.org\/{rel}","templated":true}]}}