{"id":6853,"date":"2024-09-25T10:20:26","date_gmt":"2024-09-25T10:20:26","guid":{"rendered":"https:\/\/larenspartner.ro\/product\/perfect-body-cream-feszesito-krem-testapolo-peptidekkel\/"},"modified":"2024-09-25T10:20:27","modified_gmt":"2024-09-25T10:20:27","slug":"perfect-body-cream-feszesito-krem-testapolo-peptidekkel","status":"publish","type":"product","link":"https:\/\/garofitakozmetika.hu\/ro\/product\/perfect-body-cream-feszesito-krem-testapolo-peptidekkel\/","title":{"rendered":"Perfect Body Cream &#8211; Feszes\u00edt\u0151 kr\u00e9m test\u00e1pol\u00f3 peptidekkel"},"content":{"rendered":"","protected":false},"excerpt":{"rendered":"<div class=\"details__short pbn ptxs spts mv0\"> Multifunkcion\u00e1lis kr\u00e9mes test\u00e1pol\u00f3. Intenz\u00edven hidrat\u00e1l, feszes\u00edt, visszaadja a b\u0151r puhas\u00e1g\u00e1t \u00e9s rugalmass\u00e1g\u00e1t, csillap\u00edtja az irrit\u00e1ci\u00f3kat.<\/p>","protected":false},"featured_media":6433,"comment_status":"open","ping_status":"closed","template":"","meta":[],"pwb-brand":[152],"product_brand":[],"product_cat":[148],"product_tag":[150,151,149],"class_list":{"0":"post-6853","1":"product","2":"type-product","3":"status-publish","4":"has-post-thumbnail","6":"pwb-brand-larens","7":"product_cat-kremek","8":"product_tag-arcapolas","9":"product_tag-kremek","10":"product_tag-larens-kozmeceutikumok","13":"instock","14":"shipping-taxable","15":"purchasable","16":"product-type-simple","17":"product-grid-view"},"brands":[{"id":152,"name":"Larens","slug":"larens"}],"_links":{"self":[{"href":"https:\/\/garofitakozmetika.hu\/ro\/wp-json\/wp\/v2\/product\/6853","targetHints":{"allow":["GET"]}}],"collection":[{"href":"https:\/\/garofitakozmetika.hu\/ro\/wp-json\/wp\/v2\/product"}],"about":[{"href":"https:\/\/garofitakozmetika.hu\/ro\/wp-json\/wp\/v2\/types\/product"}],"replies":[{"embeddable":true,"href":"https:\/\/garofitakozmetika.hu\/ro\/wp-json\/wp\/v2\/comments?post=6853"}],"version-history":[{"count":0,"href":"https:\/\/garofitakozmetika.hu\/ro\/wp-json\/wp\/v2\/product\/6853\/revisions"}],"wp:featuredmedia":[{"embeddable":true,"href":"https:\/\/garofitakozmetika.hu\/ro\/wp-json\/wp\/v2\/media\/6433"}],"wp:attachment":[{"href":"https:\/\/garofitakozmetika.hu\/ro\/wp-json\/wp\/v2\/media?parent=6853"}],"wp:term":[{"taxonomy":"pwb-brand","embeddable":true,"href":"https:\/\/garofitakozmetika.hu\/ro\/wp-json\/wp\/v2\/pwb-brand?post=6853"},{"taxonomy":"product_brand","embeddable":true,"href":"https:\/\/garofitakozmetika.hu\/ro\/wp-json\/wp\/v2\/product_brand?post=6853"},{"taxonomy":"product_cat","embeddable":true,"href":"https:\/\/garofitakozmetika.hu\/ro\/wp-json\/wp\/v2\/product_cat?post=6853"},{"taxonomy":"product_tag","embeddable":true,"href":"https:\/\/garofitakozmetika.hu\/ro\/wp-json\/wp\/v2\/product_tag?post=6853"}],"curies":[{"name":"wp","href":"https:\/\/api.w.org\/{rel}","templated":true}]}}