{"id":6854,"date":"2024-09-25T10:20:28","date_gmt":"2024-09-25T10:20:28","guid":{"rendered":"https:\/\/larenspartner.ro\/product\/repair-hand-cream-intenziv-regeneralo-kez-es-koromapolo-krem-peptidekkel\/"},"modified":"2024-09-25T10:20:29","modified_gmt":"2024-09-25T10:20:29","slug":"repair-hand-cream-intenziv-regeneralo-kez-es-koromapolo-krem-peptidekkel","status":"publish","type":"product","link":"https:\/\/garofitakozmetika.hu\/ro\/product\/repair-hand-cream-intenziv-regeneralo-kez-es-koromapolo-krem-peptidekkel\/","title":{"rendered":"Repair Hand Cream &#8211; Intenz\u00edv regener\u00e1l\u00f3 k\u00e9z- \u00e9s k\u00f6r\u00f6m\u00e1pol\u00f3 kr\u00e9m peptidekkel"},"content":{"rendered":"","protected":false},"excerpt":{"rendered":"<div class=\"details__short pbn ptxs spts mv0\"> Intenz\u00edven regener\u00e1l\u00f3 k\u00e9z- \u00e9s k\u00f6r\u00f6m\u00e1pol\u00f3 kr\u00e9m term\u00e9szetes peptidek komplex\u00e9vel, a s\u00e9r\u00fclt \u00e9s sz\u00e1raz k\u00e9zb\u0151r \u00e1pol\u00e1s\u00e1ra kifejlesztve<\/p>","protected":false},"featured_media":6436,"comment_status":"open","ping_status":"closed","template":"","meta":[],"pwb-brand":[152],"product_brand":[],"product_cat":[148],"product_tag":[150,151,149],"class_list":{"0":"post-6854","1":"product","2":"type-product","3":"status-publish","4":"has-post-thumbnail","6":"pwb-brand-larens","7":"product_cat-kremek","8":"product_tag-arcapolas","9":"product_tag-kremek","10":"product_tag-larens-kozmeceutikumok","13":"instock","14":"shipping-taxable","15":"purchasable","16":"product-type-simple","17":"product-grid-view"},"brands":[{"id":152,"name":"Larens","slug":"larens"}],"_links":{"self":[{"href":"https:\/\/garofitakozmetika.hu\/ro\/wp-json\/wp\/v2\/product\/6854","targetHints":{"allow":["GET"]}}],"collection":[{"href":"https:\/\/garofitakozmetika.hu\/ro\/wp-json\/wp\/v2\/product"}],"about":[{"href":"https:\/\/garofitakozmetika.hu\/ro\/wp-json\/wp\/v2\/types\/product"}],"replies":[{"embeddable":true,"href":"https:\/\/garofitakozmetika.hu\/ro\/wp-json\/wp\/v2\/comments?post=6854"}],"version-history":[{"count":0,"href":"https:\/\/garofitakozmetika.hu\/ro\/wp-json\/wp\/v2\/product\/6854\/revisions"}],"wp:featuredmedia":[{"embeddable":true,"href":"https:\/\/garofitakozmetika.hu\/ro\/wp-json\/wp\/v2\/media\/6436"}],"wp:attachment":[{"href":"https:\/\/garofitakozmetika.hu\/ro\/wp-json\/wp\/v2\/media?parent=6854"}],"wp:term":[{"taxonomy":"pwb-brand","embeddable":true,"href":"https:\/\/garofitakozmetika.hu\/ro\/wp-json\/wp\/v2\/pwb-brand?post=6854"},{"taxonomy":"product_brand","embeddable":true,"href":"https:\/\/garofitakozmetika.hu\/ro\/wp-json\/wp\/v2\/product_brand?post=6854"},{"taxonomy":"product_cat","embeddable":true,"href":"https:\/\/garofitakozmetika.hu\/ro\/wp-json\/wp\/v2\/product_cat?post=6854"},{"taxonomy":"product_tag","embeddable":true,"href":"https:\/\/garofitakozmetika.hu\/ro\/wp-json\/wp\/v2\/product_tag?post=6854"}],"curies":[{"name":"wp","href":"https:\/\/api.w.org\/{rel}","templated":true}]}}