{"id":6855,"date":"2024-09-25T10:20:31","date_gmt":"2024-09-25T10:20:31","guid":{"rendered":"https:\/\/larenspartner.ro\/product\/lipocoll-ha-hydro-serum-hal-kollagen-peptideket-es-hialuronsavat-liposzomakban-tartalmazo-szerum-rekordkoncentracioban\/"},"modified":"2024-09-25T10:20:31","modified_gmt":"2024-09-25T10:20:31","slug":"lipocoll-ha-hydro-serum-hal-kollagen-peptideket-es-hialuronsavat-liposzomakban-tartalmazo-szerum-rekordkoncentracioban","status":"publish","type":"product","link":"https:\/\/garofitakozmetika.hu\/ro\/product\/lipocoll-ha-hydro-serum-hal-kollagen-peptideket-es-hialuronsavat-liposzomakban-tartalmazo-szerum-rekordkoncentracioban\/","title":{"rendered":"LipoColl HA Hydro Serum &#8211; Hal kollag\u00e9n peptideket \u00e9s hialuronsavat liposz\u00f3m\u00e1kban tartalmaz\u00f3 sz\u00e9rum rekordkoncentr\u00e1ci\u00f3ban"},"content":{"rendered":"","protected":false},"excerpt":{"rendered":"<div class=\"details__short pbn ptxs spts mv0\"> Innovat\u00edv \u00e9s fejlett r\u00e1nctalan\u00edt\u00f3 \u00e1pol\u00f3 term\u00e9k. Rekordmagas koncentr\u00e1ci\u00f3ban tartalmaz halikollag\u00e9n peptideket \u00e9s hialuronsavat liposz\u00f3m\u00e1kban. Azonnal n\u00f6veli a b\u0151r hidrat\u00e1lts\u00e1gi szintj\u00e9t, l\u00e1that\u00f3an megvastag\u00edtja a b\u0151rt \u00e9s \u00e1tfog\u00f3 hidro-\u00fajj\u00e1\u00e9p\u00edt\u00e9st biztos\u00edt minden r\u00e9teg\u00e9ben.<\/p>","protected":false},"featured_media":6440,"comment_status":"open","ping_status":"closed","template":"","meta":[],"pwb-brand":[152],"product_brand":[],"product_cat":[153],"product_tag":[150,149,154],"class_list":{"0":"post-6855","1":"product","2":"type-product","3":"status-publish","4":"has-post-thumbnail","6":"pwb-brand-larens","7":"product_cat-serum","8":"product_tag-arcapolas","9":"product_tag-larens-kozmeceutikumok","10":"product_tag-serum","13":"instock","14":"shipping-taxable","15":"purchasable","16":"product-type-simple","17":"product-grid-view"},"brands":[{"id":152,"name":"Larens","slug":"larens"}],"_links":{"self":[{"href":"https:\/\/garofitakozmetika.hu\/ro\/wp-json\/wp\/v2\/product\/6855","targetHints":{"allow":["GET"]}}],"collection":[{"href":"https:\/\/garofitakozmetika.hu\/ro\/wp-json\/wp\/v2\/product"}],"about":[{"href":"https:\/\/garofitakozmetika.hu\/ro\/wp-json\/wp\/v2\/types\/product"}],"replies":[{"embeddable":true,"href":"https:\/\/garofitakozmetika.hu\/ro\/wp-json\/wp\/v2\/comments?post=6855"}],"version-history":[{"count":0,"href":"https:\/\/garofitakozmetika.hu\/ro\/wp-json\/wp\/v2\/product\/6855\/revisions"}],"wp:featuredmedia":[{"embeddable":true,"href":"https:\/\/garofitakozmetika.hu\/ro\/wp-json\/wp\/v2\/media\/6440"}],"wp:attachment":[{"href":"https:\/\/garofitakozmetika.hu\/ro\/wp-json\/wp\/v2\/media?parent=6855"}],"wp:term":[{"taxonomy":"pwb-brand","embeddable":true,"href":"https:\/\/garofitakozmetika.hu\/ro\/wp-json\/wp\/v2\/pwb-brand?post=6855"},{"taxonomy":"product_brand","embeddable":true,"href":"https:\/\/garofitakozmetika.hu\/ro\/wp-json\/wp\/v2\/product_brand?post=6855"},{"taxonomy":"product_cat","embeddable":true,"href":"https:\/\/garofitakozmetika.hu\/ro\/wp-json\/wp\/v2\/product_cat?post=6855"},{"taxonomy":"product_tag","embeddable":true,"href":"https:\/\/garofitakozmetika.hu\/ro\/wp-json\/wp\/v2\/product_tag?post=6855"}],"curies":[{"name":"wp","href":"https:\/\/api.w.org\/{rel}","templated":true}]}}