{"id":6857,"date":"2024-09-25T10:20:35","date_gmt":"2024-09-25T10:20:35","guid":{"rendered":"https:\/\/larenspartner.ro\/product\/dermo-serum-100-ml-spray-szerum-ektoinnal-es-peptidekkel-igenyes-borre\/"},"modified":"2024-09-25T10:20:36","modified_gmt":"2024-09-25T10:20:36","slug":"dermo-serum-100-ml-spray-szerum-ektoinnal-es-peptidekkel-igenyes-borre","status":"publish","type":"product","link":"https:\/\/garofitakozmetika.hu\/ro\/product\/dermo-serum-100-ml-spray-szerum-ektoinnal-es-peptidekkel-igenyes-borre\/","title":{"rendered":"Dermo Serum 100 ml &#8211; Spray sz\u00e9rum ektoinnal \u00e9s peptidekkel ig\u00e9nyes b\u0151rre"},"content":{"rendered":"","protected":false},"excerpt":{"rendered":"<div class=\"details__short pbn ptxs spts mv0\">\n<div>Egy \u00e1tt\u00f6r\u0151 peptid sz\u00e9rum, amely a Biopeptid Complex \u00e9s a Nutrivi v\u00edz egyed\u00fcl\u00e1ll\u00f3 formul\u00e1j\u00e1n alapul. Ektoinnal d\u00fas\u00edtva, \u00edgy t\u00f6bbfunkci\u00f3s k\u00e9sz\u00edtm\u00e9ny, kiv\u00e9teles regener\u00e1l\u00f3 \u00e9s t\u00e1pl\u00e1l\u00f3 tulajdons\u00e1gokkal. <\/div>\n<div><\/div>","protected":false},"featured_media":6451,"comment_status":"open","ping_status":"closed","template":"","meta":[],"pwb-brand":[152],"product_brand":[],"product_cat":[153],"product_tag":[150,149,154],"class_list":{"0":"post-6857","1":"product","2":"type-product","3":"status-publish","4":"has-post-thumbnail","6":"pwb-brand-larens","7":"product_cat-serum","8":"product_tag-arcapolas","9":"product_tag-larens-kozmeceutikumok","10":"product_tag-serum","13":"instock","14":"shipping-taxable","15":"purchasable","16":"product-type-simple","17":"product-grid-view"},"brands":[{"id":152,"name":"Larens","slug":"larens"}],"_links":{"self":[{"href":"https:\/\/garofitakozmetika.hu\/ro\/wp-json\/wp\/v2\/product\/6857","targetHints":{"allow":["GET"]}}],"collection":[{"href":"https:\/\/garofitakozmetika.hu\/ro\/wp-json\/wp\/v2\/product"}],"about":[{"href":"https:\/\/garofitakozmetika.hu\/ro\/wp-json\/wp\/v2\/types\/product"}],"replies":[{"embeddable":true,"href":"https:\/\/garofitakozmetika.hu\/ro\/wp-json\/wp\/v2\/comments?post=6857"}],"version-history":[{"count":0,"href":"https:\/\/garofitakozmetika.hu\/ro\/wp-json\/wp\/v2\/product\/6857\/revisions"}],"wp:featuredmedia":[{"embeddable":true,"href":"https:\/\/garofitakozmetika.hu\/ro\/wp-json\/wp\/v2\/media\/6451"}],"wp:attachment":[{"href":"https:\/\/garofitakozmetika.hu\/ro\/wp-json\/wp\/v2\/media?parent=6857"}],"wp:term":[{"taxonomy":"pwb-brand","embeddable":true,"href":"https:\/\/garofitakozmetika.hu\/ro\/wp-json\/wp\/v2\/pwb-brand?post=6857"},{"taxonomy":"product_brand","embeddable":true,"href":"https:\/\/garofitakozmetika.hu\/ro\/wp-json\/wp\/v2\/product_brand?post=6857"},{"taxonomy":"product_cat","embeddable":true,"href":"https:\/\/garofitakozmetika.hu\/ro\/wp-json\/wp\/v2\/product_cat?post=6857"},{"taxonomy":"product_tag","embeddable":true,"href":"https:\/\/garofitakozmetika.hu\/ro\/wp-json\/wp\/v2\/product_tag?post=6857"}],"curies":[{"name":"wp","href":"https:\/\/api.w.org\/{rel}","templated":true}]}}