{"id":6865,"date":"2024-09-25T10:20:52","date_gmt":"2024-09-25T10:20:52","guid":{"rendered":"https:\/\/larenspartner.ro\/product\/nails-more-repair-mask\/"},"modified":"2024-09-25T10:20:52","modified_gmt":"2024-09-25T10:20:52","slug":"nails-more-repair-mask","status":"publish","type":"product","link":"https:\/\/garofitakozmetika.hu\/ro\/product\/nails-more-repair-mask\/","title":{"rendered":"Nails &#038; More Repair Mask"},"content":{"rendered":"","protected":false},"excerpt":{"rendered":"<div class=\"details__short pbn ptxs spts mv0\"> Jav\u00edt\u00f3 \u00e9s regener\u00e1l\u00f3 maszk k\u00f6r\u00f6mre \u00e9s kutikul\u00e1ra. A bioakt\u00edv halkollag\u00e9n peptidek \u00e9s sz\u00e1mos aminosav jelenl\u00e9t\u00e9nek k\u00f6sz\u00f6nhet\u0151en regener\u00e1lja, kisim\u00edtja \u00e9s er\u0151s\u00edti a k\u00f6r\u00f6mlemezt \u00e9s a k\u00f6r\u00fcl\u00f6tte l\u00e9v\u0151 kutikul\u00e1t. Ide\u00e1lis manik\u0171r kezel\u00e9sek ut\u00e1n jav\u00edt\u00f3 kezel\u00e9sk\u00e9nt.<\/p>","protected":false},"featured_media":6477,"comment_status":"open","ping_status":"closed","template":"","meta":[],"pwb-brand":[152],"product_brand":[],"product_cat":[159],"product_tag":[150,160,149],"class_list":{"0":"post-6865","1":"product","2":"type-product","3":"status-publish","4":"has-post-thumbnail","6":"pwb-brand-larens","7":"product_cat-gelek","8":"product_tag-arcapolas","9":"product_tag-gelek","10":"product_tag-larens-kozmeceutikumok","13":"instock","14":"shipping-taxable","15":"purchasable","16":"product-type-simple","17":"product-grid-view"},"brands":[{"id":152,"name":"Larens","slug":"larens"}],"_links":{"self":[{"href":"https:\/\/garofitakozmetika.hu\/ro\/wp-json\/wp\/v2\/product\/6865","targetHints":{"allow":["GET"]}}],"collection":[{"href":"https:\/\/garofitakozmetika.hu\/ro\/wp-json\/wp\/v2\/product"}],"about":[{"href":"https:\/\/garofitakozmetika.hu\/ro\/wp-json\/wp\/v2\/types\/product"}],"replies":[{"embeddable":true,"href":"https:\/\/garofitakozmetika.hu\/ro\/wp-json\/wp\/v2\/comments?post=6865"}],"version-history":[{"count":0,"href":"https:\/\/garofitakozmetika.hu\/ro\/wp-json\/wp\/v2\/product\/6865\/revisions"}],"wp:featuredmedia":[{"embeddable":true,"href":"https:\/\/garofitakozmetika.hu\/ro\/wp-json\/wp\/v2\/media\/6477"}],"wp:attachment":[{"href":"https:\/\/garofitakozmetika.hu\/ro\/wp-json\/wp\/v2\/media?parent=6865"}],"wp:term":[{"taxonomy":"pwb-brand","embeddable":true,"href":"https:\/\/garofitakozmetika.hu\/ro\/wp-json\/wp\/v2\/pwb-brand?post=6865"},{"taxonomy":"product_brand","embeddable":true,"href":"https:\/\/garofitakozmetika.hu\/ro\/wp-json\/wp\/v2\/product_brand?post=6865"},{"taxonomy":"product_cat","embeddable":true,"href":"https:\/\/garofitakozmetika.hu\/ro\/wp-json\/wp\/v2\/product_cat?post=6865"},{"taxonomy":"product_tag","embeddable":true,"href":"https:\/\/garofitakozmetika.hu\/ro\/wp-json\/wp\/v2\/product_tag?post=6865"}],"curies":[{"name":"wp","href":"https:\/\/api.w.org\/{rel}","templated":true}]}}